{"id":3,"date":"2022-09-08T13:59:54","date_gmt":"2022-09-08T13:59:54","guid":{"rendered":"https:\/\/soldadurasslp.com\/?page_id=3"},"modified":"2022-11-07T04:21:40","modified_gmt":"2022-11-07T04:21:40","slug":"privacy-policy","status":"publish","type":"page","link":"https:\/\/soldadurasslp.com\/index.php\/privacy-policy\/","title":{"rendered":"T\u00e9rminos y Condiciones"},"content":{"rendered":"\t\t<div data-elementor-type=\"wp-page\" data-elementor-id=\"3\" class=\"elementor elementor-3\">\n\t\t\t\t\t\t\t\t\t<section class=\"elementor-section elementor-top-section elementor-element elementor-element-24ca5088 elementor-section-boxed elementor-section-height-default elementor-section-height-default\" data-id=\"24ca5088\" data-element_type=\"section\">\n\t\t\t\t\t\t<div class=\"elementor-container elementor-column-gap-default\">\n\t\t\t\t\t<div class=\"elementor-column elementor-col-100 elementor-top-column elementor-element elementor-element-20d74b25\" data-id=\"20d74b25\" data-element_type=\"column\">\n\t\t\t<div class=\"elementor-widget-wrap elementor-element-populated\">\n\t\t\t\t\t\t\t\t<div class=\"elementor-element elementor-element-67175d91 elementor-widget elementor-widget-text-editor\" data-id=\"67175d91\" data-element_type=\"widget\" data-widget_type=\"text-editor.default\">\n\t\t\t\t<div class=\"elementor-widget-container\">\n\t\t\t<style>\/*! elementor - v3.17.0 - 08-11-2023 *\/\n.elementor-widget-text-editor.elementor-drop-cap-view-stacked .elementor-drop-cap{background-color:#69727d;color:#fff}.elementor-widget-text-editor.elementor-drop-cap-view-framed .elementor-drop-cap{color:#69727d;border:3px solid;background-color:transparent}.elementor-widget-text-editor:not(.elementor-drop-cap-view-default) .elementor-drop-cap{margin-top:8px}.elementor-widget-text-editor:not(.elementor-drop-cap-view-default) .elementor-drop-cap-letter{width:1em;height:1em}.elementor-widget-text-editor .elementor-drop-cap{float:left;text-align:center;line-height:1;font-size:50px}.elementor-widget-text-editor .elementor-drop-cap-letter{display:inline-block}<\/style>\t\t\t\t<header style=\"box-sizing: inherit; margin-bottom: 1.5em; overflow-wrap: break-word; color: #4b4f58; font-family: Arial, Helvetica, Verdana, sans-serif; font-size: 15px;\">\n<h1 style=\"box-sizing: inherit; border: 0px; font-size: 2rem; font-style: inherit; margin-right: 0px; margin-bottom: 0.2em; margin-left: 0px; outline: 0px; padding: 0px; vertical-align: baseline; clear: both; color: var(--ast-global-color-2); line-height: 1.2;\">T\u00e9rminos y Condiciones.<\/h1>\n<\/header>\n<div style=\"box-sizing: inherit; overflow-wrap: break-word; color: #4b4f58; font-family: Arial, Helvetica, Verdana, sans-serif; font-size: 15px;\">\n<p style=\"box-sizing: inherit; border: 0px; font-style: inherit; font-weight: inherit; margin: 0px 0px 1.6em; outline: 0px; padding: 0px; vertical-align: baseline;\">El presente contrato tiene como finalidad establecer los t\u00e9rminos y condiciones en las que la raz\u00f3n social \u201cSoldaduras S.L.P.\u00a0 S.A. de C.V.\u201d, en lo sucesivo\u00a0<span style=\"box-sizing: inherit; font-weight: bold;\">\u201cSoldaduras SLP\u201d<\/span>, con domicilio e<span style=\"color: var(--ast-global-color-2); font-style: inherit; font-weight: inherit; background-color: inherit; text-align: inherit;\">n\u00a0 Av. Industrias #3860-Int. C Fraccionamiento Espa\u00f1ol. San Luis Potos\u00ed S.L.P. C.P.: 78390Av. Industrias #3860-Int. C Fraccionamiento Espa\u00f1ol. San Luis Potos\u00ed S.L.P. C.P.: 78390, operar\u00e1 a trav\u00e9s de la tienda establecida en el dominio\u00a0<\/span><a style=\"font-style: inherit; font-weight: inherit; text-align: inherit; box-sizing: inherit; color: var(--ast-global-color-0); transition-duration: 0.2s; transition-timing-function: linear; transition-property: all;\" href=\"http:\/\/www.iwelding.com.mx\/\">www.soldadurasslp.com.mx<\/a><span style=\"color: var(--ast-global-color-2); font-style: inherit; font-weight: inherit; background-color: inherit; text-align: inherit;\">, contrato celebrado entre la empresa anteriormente mencionada y el\u00a0<\/span><span style=\"color: var(--ast-global-color-2); font-style: inherit; background-color: inherit; text-align: inherit; box-sizing: inherit; font-weight: bold;\">\u201cusuario \u201c<\/span><span style=\"color: var(--ast-global-color-2); font-style: inherit; font-weight: inherit; background-color: inherit; text-align: inherit;\">, mismo que deber\u00e1 proporcionar sus datos personales al momento de registrarse en el dominio.<\/span><\/p>\n<div style=\"box-sizing: inherit; overflow-wrap: break-word; color: #4b4f58; font-size: 15px;\">\n<p style=\"box-sizing: inherit; border: 0px; font-style: inherit; font-weight: inherit; margin: 0px 0px 1.6em; outline: 0px; padding: 0px; vertical-align: baseline;\">En caso de que el usuario decida no aceptar los t\u00e9rminos y condiciones del presente escrito, no podr\u00e1 realizar ninguna compra en l\u00ednea, por lo que ponemos como alternativa una visita a nuestra tienda ubicada en la direcci\u00f3n mencionada anteriormente.<\/p>\n<p style=\"box-sizing: inherit; border: 0px; font-style: inherit; font-weight: inherit; margin: 0px 0px 1.6em; outline: 0px; padding: 0px; vertical-align: baseline;\">Servicios<\/p>\n<p style=\"box-sizing: inherit; border: 0px; font-style: inherit; font-weight: inherit; margin: 0px 0px 1.6em; outline: 0px; padding: 0px; vertical-align: baseline;\">Como empresa, restringimos el uso de la tienda en l\u00ednea a determinadas personas que puedan resultar perjudiciales a nuestros objetivos, as\u00ed como que declaramos que podemos realizar cambios en nuestras pol\u00edticas sin previo aviso.<\/p>\n<p style=\"box-sizing: inherit; border: 0px; font-style: inherit; margin: 0px 0px 1.6em; outline: 0px; padding: 0px; vertical-align: baseline;\"><b>Soldaduras SLP<\/b><span style=\"font-weight: inherit;\"> es una empresa conocida como Distribuidora de distintos materiales de car\u00e1cter industrial, por mismo motivo y en obediencia a la protecci\u00f3n de datos personales, nos abstenemos de compartir informaci\u00f3n acerca de proveedores, as\u00ed como otras que resulten de car\u00e1cter privado y delicado.<\/span><\/p>\n<p style=\"box-sizing: inherit; border: 0px; font-style: inherit; margin: 0px 0px 1.6em; outline: 0px; padding: 0px; vertical-align: baseline;\"><b>Compras<\/b><\/p>\n<p style=\"box-sizing: inherit; border: 0px; font-style: inherit; font-weight: inherit; margin: 0px 0px 1.6em; outline: 0px; padding: 0px; vertical-align: baseline;\">Nos dedicamos a ofrecer, gestionar, y procesar las compras de nuestros clientes. Por eso implementamos la opci\u00f3n de ventas en l\u00ednea, a lo cual pedimos se completen los pasos para comprar:<\/p>\n<p style=\"box-sizing: inherit; border: 0px; font-style: inherit; font-weight: inherit; margin: 0px 0px 1.6em; outline: 0px; padding: 0px; vertical-align: baseline;\">Elecci\u00f3n del producto deseado<\/p>\n<p style=\"box-sizing: inherit; border: 0px; font-style: inherit; font-weight: inherit; margin: 0px 0px 1.6em; outline: 0px; padding: 0px; vertical-align: baseline;\">Proporcionar en las casillas los datos solicitados para as\u00ed poder gestionar su pedido, para emitir recibo de pago y factura, orden de pedido, n\u00famero de gu\u00eda en caso de ser necesario, entre otros datos que pudieran surgir con posterioridad.\u00a0<span style=\"font-style: inherit; font-weight: inherit; background-color: inherit; text-align: inherit;\">Ofrecemos productos de car\u00e1cter industrial.<\/span><\/p>\n<p style=\"box-sizing: inherit; border: 0px; font-style: inherit; font-weight: inherit; margin: 0px 0px 1.6em; outline: 0px; padding: 0px; vertical-align: baseline;\">As\u00ed mismo, los precios ofertados en el apartado de tienda est\u00e1n sujetos a cambios sin previo aviso por lo que se recomienda realizar una cotizaci\u00f3n antes de una compra.<\/p>\n<p style=\"box-sizing: inherit; border: 0px; font-style: inherit; font-weight: inherit; margin: 0px 0px 1.6em; outline: 0px; padding: 0px; vertical-align: baseline;\">OBLIGACIONES<\/p>\n<p style=\"box-sizing: inherit; border: 0px; font-style: inherit; font-weight: inherit; margin: 0px 0px 1.6em; outline: 0px; padding: 0px; vertical-align: baseline;\">Se establecen como Obligaciones:<\/p>\n<p style=\"box-sizing: inherit; border: 0px; font-style: inherit; font-weight: inherit; margin: 0px 0px 1.6em; outline: 0px; padding: 0px; vertical-align: baseline;\"><span style=\"box-sizing: inherit; font-weight: bold;\">Soldaduras SLP<\/span><\/p>\n<p style=\"box-sizing: inherit; border: 0px; font-style: inherit; font-weight: inherit; margin: 0px 0px 1.6em; outline: 0px; padding: 0px; vertical-align: baseline;\">Proporcionar atenci\u00f3n, apoyo y soporte al usuario en caso de ser requerido. Otorgar los documentos necesarios al Usuario para fines de facturaci\u00f3n, as\u00ed como en caso de env\u00edo a trav\u00e9s de paqueter\u00eda, pueda recibir sus art\u00edculos sin problema.<\/p>\n<p style=\"box-sizing: inherit; border: 0px; font-style: inherit; font-weight: inherit; margin: 0px 0px 1.6em; outline: 0px; padding: 0px; vertical-align: baseline;\">En caso de que existiera aumento de precios, se notificar\u00e1 al usuario si estos cambios afectaran sus pedidos.<\/p>\n<p style=\"box-sizing: inherit; border: 0px; font-style: inherit; font-weight: inherit; margin: 0px 0px 1.6em; outline: 0px; padding: 0px; vertical-align: baseline;\">Notificar a los usuarios si son posibles candidatos a cr\u00e9dito o no.<\/p>\n<p style=\"box-sizing: inherit; border: 0px; font-style: inherit; font-weight: inherit; margin: 0px 0px 1.6em; outline: 0px; padding: 0px; vertical-align: baseline;\"><span style=\"box-sizing: inherit; font-weight: bold;\">CONFIDENCIALIDAD<\/span>. Se obliga al cuidado y respeto de datos personales, as\u00ed como estricto tratamiento de datos de motivo bancario.<\/p>\n<p style=\"box-sizing: inherit; border: 0px; font-style: inherit; font-weight: inherit; margin: 0px 0px 1.6em; outline: 0px; padding: 0px; vertical-align: baseline;\"><span style=\"box-sizing: inherit; font-weight: bold;\">Usuario:<\/span><\/p>\n<p style=\"box-sizing: inherit; border: 0px; font-style: inherit; font-weight: inherit; margin: 0px 0px 1.6em; outline: 0px; padding: 0px; vertical-align: baseline;\">A hacer uno de la tienda en l\u00ednea en forma responsable. Dirigirse con respeto a los operadores en caso de solicitar informaci\u00f3n\/apoyo\/soporte\/cotizaciones.<\/p>\n<p style=\"box-sizing: inherit; border: 0px; font-style: inherit; font-weight: inherit; margin: 0px 0px 1.6em; outline: 0px; padding: 0px; vertical-align: baseline;\">A realizar el pago en su totalidad de sus pedidos de forma r\u00e1pida.<\/p>\n<p style=\"box-sizing: inherit; border: 0px; font-style: inherit; font-weight: inherit; margin: 0px 0px 1.6em; outline: 0px; padding: 0px; vertical-align: baseline;\">En caso de querer ser sujeto a cr\u00e9dito, otorgar los documentos solicitados y cumplir con el proceso establecido con el \u00e1rea administrativa.<\/p>\n<p style=\"box-sizing: inherit; border: 0px; font-style: inherit; font-weight: inherit; margin: 0px 0px 1.6em; outline: 0px; padding: 0px; vertical-align: baseline;\"><span style=\"box-sizing: inherit; font-weight: bold;\">INFORMACION NO CONFIDENCIAL.\u00a0<\/span>En caso de existir informaci\u00f3n no confidencial y de car\u00e1cter gen\u00e9rico, Soldaduras SLP podr\u00e1 hacer uso de la misma, as\u00ed como su publicaci\u00f3n y reproducci\u00f3n.<\/p>\n<p style=\"box-sizing: inherit; border: 0px; font-style: inherit; font-weight: inherit; margin: 0px 0px 1.6em; outline: 0px; padding: 0px; vertical-align: baseline;\"><span style=\"box-sizing: inherit; font-weight: bold;\">COOKIES<\/span>: Utilizamos las cookies para mejorar la experiencia de compra, m\u00e1s no para acceder a informaci\u00f3n dentro de los dispositivos. Es por eso que solicitamos la aceptaci\u00f3n del uso de las mismas.<\/p>\n<p style=\"box-sizing: inherit; border: 0px; font-style: inherit; font-weight: inherit; margin: 0px 0px 1.6em; outline: 0px; padding: 0px; vertical-align: baseline;\"><span style=\"box-sizing: inherit; font-weight: bold;\">CREACION DE CUENTAS Y ACCESO<\/span>: El usuario acepta que es mayor de edad, en no estado de interdicci\u00f3n, que cuenta con el pleno goce de sus derechos para realizar compras en l\u00ednea. As\u00ed como Soldaduras SLP asegura la protecci\u00f3n de contrase\u00f1as de la cuenta del usuario.<\/p>\n<\/div>\n<p style=\"box-sizing: inherit; border: 0px; font-style: inherit; font-weight: inherit; margin: 0px 0px 1.6em; outline: 0px; padding: 0px; vertical-align: baseline;\"><span style=\"font-style: inherit; background-color: inherit; text-align: inherit; box-sizing: inherit; font-weight: bold;\">RESOLUCION DE CONFLICTOS<\/span><span style=\"font-style: inherit; font-weight: inherit; background-color: inherit; text-align: inherit;\">: Se somete a la jurisdicci\u00f3n de tribunales en la Ciudad de M\u00e9xico en caso de alg\u00fan conflicto.<\/span>, operar\u00e1 a trav\u00e9s de la tienda establecida en el dominio\u00a0<a style=\"box-sizing: inherit; color: var(--ast-global-color-0); transition-duration: 0.2s; transition-timing-function: linear; transition-property: all;\" href=\"http:\/\/www.iwelding.com.mx\/\">www.soldadurasslp.com.mx<\/a>, contrato celebrado entre la empresa anteriormente mencionada y el\u00a0<span style=\"box-sizing: inherit; font-weight: bold;\">\u201cusuario \u201c<\/span>, mismo que deber\u00e1 proporcionar sus datos personales al momento de registrarse en el dominio.<\/p>\n<p style=\"box-sizing: inherit; border: 0px; font-style: inherit; font-weight: inherit; margin: 0px 0px 1.6em; outline: 0px; padding: 0px; vertical-align: baseline;\">En caso de que el usuario decida no aceptar los t\u00e9rminos y condiciones del presente escrito, no podr\u00e1 realizar ninguna compra en l\u00ednea, por lo que ponemos como alternativa una visita a nuestra tienda ubicada en la direcci\u00f3n mencionada anteriormente.<\/p>\n<\/div>\t\t\t\t\t\t<\/div>\n\t\t\t\t<\/div>\n\t\t\t\t\t<\/div>\n\t\t<\/div>\n\t\t\t\t\t\t\t<\/div>\n\t\t<\/section>\n\t\t\t\t\t\t\t<\/div>\n\t\t","protected":false},"excerpt":{"rendered":"<p>T\u00e9rminos y Condiciones. El presente contrato tiene como finalidad establecer los t\u00e9rminos y condiciones en las que la raz\u00f3n social \u201cSoldaduras S.L.P.\u00a0 S.A. de C.V.\u201d, en lo sucesivo\u00a0\u201cSoldaduras SLP\u201d, con domicilio en\u00a0 Av. Industrias #3860-Int. C Fraccionamiento Espa\u00f1ol. San Luis Potos\u00ed S.L.P. C.P.: 78390Av. Industrias #3860-Int. C Fraccionamiento Espa\u00f1ol. San Luis Potos\u00ed S.L.P. C.P.: 78390, [&hellip;]<\/p>\n","protected":false},"author":1,"featured_media":0,"parent":0,"menu_order":0,"comment_status":"closed","ping_status":"closed","template":"","meta":{"om_disable_all_campaigns":false,"_mi_skip_tracking":false,"_monsterinsights_sitenote_active":false,"_monsterinsights_sitenote_note":"","_monsterinsights_sitenote_category":0,"footnotes":""},"jetpack_sharing_enabled":true,"_links":{"self":[{"href":"https:\/\/soldadurasslp.com\/index.php\/wp-json\/wp\/v2\/pages\/3"}],"collection":[{"href":"https:\/\/soldadurasslp.com\/index.php\/wp-json\/wp\/v2\/pages"}],"about":[{"href":"https:\/\/soldadurasslp.com\/index.php\/wp-json\/wp\/v2\/types\/page"}],"author":[{"embeddable":true,"href":"https:\/\/soldadurasslp.com\/index.php\/wp-json\/wp\/v2\/users\/1"}],"replies":[{"embeddable":true,"href":"https:\/\/soldadurasslp.com\/index.php\/wp-json\/wp\/v2\/comments?post=3"}],"version-history":[{"count":6,"href":"https:\/\/soldadurasslp.com\/index.php\/wp-json\/wp\/v2\/pages\/3\/revisions"}],"predecessor-version":[{"id":3130,"href":"https:\/\/soldadurasslp.com\/index.php\/wp-json\/wp\/v2\/pages\/3\/revisions\/3130"}],"wp:attachment":[{"href":"https:\/\/soldadurasslp.com\/index.php\/wp-json\/wp\/v2\/media?parent=3"}],"curies":[{"name":"wp","href":"https:\/\/api.w.org\/{rel}","templated":true}]}}