{"id":1000,"date":"2022-09-28T08:01:40","date_gmt":"2022-09-28T08:01:40","guid":{"rendered":"https:\/\/soldadurasslp.com\/index.php\/product\/inversora-furius-fire-215-210a\/"},"modified":"2022-10-12T08:08:46","modified_gmt":"2022-10-12T08:08:46","slug":"inversora-furius-fire-215-210a","status":"publish","type":"product","link":"https:\/\/soldadurasslp.com\/index.php\/product\/inversora-furius-fire-215-210a\/","title":{"rendered":"Inversora Furius Fire 215 210A"},"content":{"rendered":"<p><em>Para El Trabajo Diario<\/em>: Herreros, peque\u00f1os estructureros, mantenimiento de medianas y grandes empresas (no reconstrucci\u00f3n), todo tipo de trabajos profesionales.<br \/>\n<em><strong>Incluye<\/strong><\/em>: Pinza Masa + Pinza Porta Electrodos con conexi\u00f3n 10\/25<\/p>\n<p><em><strong>DETALLES<\/strong><\/em><br \/>\n&#8211; Voltaje 110\/220V 50\/60Hz<br \/>\n&#8211; Corriente salida DC<br \/>\n&#8211; TIG Raspado<br \/>\n&#8211; ARC FORCE, HOT START y MMA<br \/>\n&#8211; Digital Display<br \/>\n&#8211; No es recomendable usar con generador<\/p>\n<p><em><strong>RANGO DE AMPERAJE<\/strong><\/em><br \/>\n20-210A (220V)<br \/>\n20-140A (110V)<\/p>\n<p><em><strong>CICLO DE TRABAJO<\/strong><\/em><br \/>\n60%<\/p>\n<p>OCV<br \/>\n85V<\/p>\n<p><em><strong>TIPOS DE ELECTRODOS<\/strong><\/em><br \/>\n6013, 7018, 6010, 6011, SS, Al<\/p>\n<p><em><strong>RECOMENDADO<\/strong><\/em><br \/>\n1\/8&#8243; (3.2mm)<\/p>\n<div class=\"wpforms-container wpforms-container-full\" id=\"wpforms-1535\"><form id=\"wpforms-form-1535\" class=\"wpforms-validate wpforms-form wpforms-ajax-form\" data-formid=\"1535\" method=\"post\" enctype=\"multipart\/form-data\" action=\"\/index.php\/wp-json\/wp\/v2\/product\/1000\" data-token=\"9e6ca5f1cdb2088837dbddd059d7a2ba\"><div class=\"wpforms-head-container\"><div class=\"wpforms-title\">Cotiza<\/div><\/div><noscript class=\"wpforms-error-noscript\">Por favor, activa JavaScript en tu navegador para completar este formulario.<\/noscript><div class=\"wpforms-field-container\"><div id=\"wpforms-1535-field_1-container\" class=\"wpforms-field wpforms-field-name\" data-field-id=\"1\"><label class=\"wpforms-field-label\" for=\"wpforms-1535-field_1\">Nombre <span class=\"wpforms-required-label\">*<\/span><\/label><input type=\"text\" id=\"wpforms-1535-field_1\" class=\"wpforms-field-medium wpforms-field-required\" name=\"wpforms[fields][1]\" required><\/div><div id=\"wpforms-1535-field_6-container\" class=\"wpforms-field wpforms-field-text\" data-field-id=\"6\"><label class=\"wpforms-field-label\" for=\"wpforms-1535-field_6\">N\u00famero <span class=\"wpforms-required-label\">*<\/span><\/label><input type=\"text\" id=\"wpforms-1535-field_6\" class=\"wpforms-field-medium wpforms-field-required\" name=\"wpforms[fields][6]\" required><\/div><div id=\"wpforms-1535-field_3-container\" class=\"wpforms-field wpforms-field-email\" data-field-id=\"3\"><label class=\"wpforms-field-label\" for=\"wpforms-1535-field_3\">Correo electr\u00f3nico <span class=\"wpforms-required-label\">*<\/span><\/label><input type=\"email\" id=\"wpforms-1535-field_3\" class=\"wpforms-field-medium wpforms-field-required\" name=\"wpforms[fields][3]\" spellcheck=\"false\" required><\/div><div id=\"wpforms-1535-field_4-container\" class=\"wpforms-field wpforms-field-text\" data-field-id=\"4\"><label class=\"wpforms-field-label\" for=\"wpforms-1535-field_4\">Empresa<\/label><input type=\"text\" id=\"wpforms-1535-field_4\" class=\"wpforms-field-medium\" name=\"wpforms[fields][4]\" ><\/div><div id=\"wpforms-1535-field_5-container\" class=\"wpforms-field wpforms-field-textarea\" data-field-id=\"5\"><label class=\"wpforms-field-label\" for=\"wpforms-1535-field_5\">\u00bfQu\u00e9 necesitas? <span class=\"wpforms-required-label\">*<\/span><\/label><textarea id=\"wpforms-1535-field_5\" class=\"wpforms-field-medium wpforms-field-required\" name=\"wpforms[fields][5]\" required><\/textarea><\/div><\/div><!-- .wpforms-field-container --><div class=\"wpforms-submit-container\" ><input type=\"hidden\" name=\"wpforms[id]\" value=\"1535\"><input type=\"hidden\" name=\"wpforms[author]\" value=\"1\"><button type=\"submit\" name=\"wpforms[submit]\" id=\"wpforms-submit-1535\" class=\"wpforms-submit\" data-alt-text=\"Enviando...\" data-submit-text=\"Enviar\" aria-live=\"assertive\" value=\"wpforms-submit\">Enviar<\/button><img loading=\"lazy\" decoding=\"async\" src=\"https:\/\/soldadurasslp.com\/wp-content\/plugins\/wpforms-lite\/assets\/images\/submit-spin.svg\" class=\"wpforms-submit-spinner\" style=\"display: none;\" width=\"26\" height=\"26\" alt=\"Cargando\"><\/div><\/form><\/div>  <!-- .wpforms-container -->\n","protected":false},"excerpt":{"rendered":"<p>Para El Trabajo Diario: Herreros, peque\u00f1os estructureros, mantenimiento de medianas y grandes empresas (no reconstrucci\u00f3n), todo tipo de trabajos profesionales. Incluye: Pinza Masa + Pinza Porta Electrodos con conexi\u00f3n 10\/25 DETALLES &#8211; Voltaje 110\/220V 50\/60Hz &#8211; Corriente salida DC &#8211; TIG Raspado &#8211; ARC FORCE, HOT START y MMA &#8211; Digital Display &#8211; No es [&hellip;]<\/p>\n","protected":false},"featured_media":2526,"template":"","meta":{"om_disable_all_campaigns":false,"_mi_skip_tracking":false,"_monsterinsights_sitenote_active":false,"_monsterinsights_sitenote_note":"","_monsterinsights_sitenote_category":0},"product_cat":[563],"product_tag":[245,50,51],"jetpack_sharing_enabled":true,"_links":{"self":[{"href":"https:\/\/soldadurasslp.com\/index.php\/wp-json\/wp\/v2\/product\/1000"}],"collection":[{"href":"https:\/\/soldadurasslp.com\/index.php\/wp-json\/wp\/v2\/product"}],"about":[{"href":"https:\/\/soldadurasslp.com\/index.php\/wp-json\/wp\/v2\/types\/product"}],"version-history":[{"count":2,"href":"https:\/\/soldadurasslp.com\/index.php\/wp-json\/wp\/v2\/product\/1000\/revisions"}],"predecessor-version":[{"id":2528,"href":"https:\/\/soldadurasslp.com\/index.php\/wp-json\/wp\/v2\/product\/1000\/revisions\/2528"}],"wp:featuredmedia":[{"embeddable":true,"href":"https:\/\/soldadurasslp.com\/index.php\/wp-json\/wp\/v2\/media\/2526"}],"wp:attachment":[{"href":"https:\/\/soldadurasslp.com\/index.php\/wp-json\/wp\/v2\/media?parent=1000"}],"wp:term":[{"taxonomy":"product_cat","embeddable":true,"href":"https:\/\/soldadurasslp.com\/index.php\/wp-json\/wp\/v2\/product_cat?post=1000"},{"taxonomy":"product_tag","embeddable":true,"href":"https:\/\/soldadurasslp.com\/index.php\/wp-json\/wp\/v2\/product_tag?post=1000"}],"curies":[{"name":"wp","href":"https:\/\/api.w.org\/{rel}","templated":true}]}}