{"id":1002,"date":"2022-09-28T08:01:40","date_gmt":"2022-09-28T08:01:40","guid":{"rendered":"https:\/\/soldadurasslp.com\/index.php\/product\/redbo-soldadora-mig-120-110v\/"},"modified":"2022-10-12T08:10:21","modified_gmt":"2022-10-12T08:10:21","slug":"redbo-soldadora-mig-120-110v","status":"publish","type":"product","link":"https:\/\/soldadurasslp.com\/index.php\/product\/redbo-soldadora-mig-120-110v\/","title":{"rendered":"REDBO &#8211; Soldadora MIG-120 (110V)"},"content":{"rendered":"<ul>\n<li>Voltaje de entrada(V): 127V 50\/60Hz<\/li>\n<li>Potencia de entrada (KVA) : 3.8MMA:4.8<\/li>\n<li>Corriente de entrada nominal (A): 32.5MMA:36.5<\/li>\n<li>Corriente de salida nominal y voltaje : 120A\/20V MMA:120A\/24.8V<\/li>\n<li>Corriente \u00a0de salida (A): <u class=\"x-el x-el-span c1-2m c1-2n c1-b c1-89 c1-55 c1-2x c1-8a c1-8d\"><strong class=\"x-el x-el-span c1-2m c1-2n c1-b c1-89 c1-55 c1-3w c1-8a\">50~120 MMA:20~120<\/strong><\/u><\/li>\n<li>Voltaje de carga (V):68<\/li>\n<li>Ciclo de servicio nominal(%):60<\/li>\n<li>Eficiencia (%):85<\/li>\n<li>Factor de \u00a0potencia(cos\u00f8):0.73<\/li>\n<li>Clase de protecci\u00f3n:IP21S<\/li>\n<li>Clase de aislamiento<\/li>\n<li>Velocidad de alimentaci\u00f3n del alambre (m\/min):0.5-13<\/li>\n<li>Di\u00e1metro del alambre (mm) : 0.8-1.0<\/li>\n<\/ul>\n<div class=\"wpforms-container wpforms-container-full\" id=\"wpforms-1535\"><form id=\"wpforms-form-1535\" class=\"wpforms-validate wpforms-form wpforms-ajax-form\" data-formid=\"1535\" method=\"post\" enctype=\"multipart\/form-data\" action=\"\/index.php\/wp-json\/wp\/v2\/product\/1002\" data-token=\"9e6ca5f1cdb2088837dbddd059d7a2ba\"><div class=\"wpforms-head-container\"><div class=\"wpforms-title\">Cotiza<\/div><\/div><noscript class=\"wpforms-error-noscript\">Por favor, activa JavaScript en tu navegador para completar este formulario.<\/noscript><div class=\"wpforms-field-container\"><div id=\"wpforms-1535-field_1-container\" class=\"wpforms-field wpforms-field-name\" data-field-id=\"1\"><label class=\"wpforms-field-label\" for=\"wpforms-1535-field_1\">Nombre <span class=\"wpforms-required-label\">*<\/span><\/label><input type=\"text\" id=\"wpforms-1535-field_1\" class=\"wpforms-field-medium wpforms-field-required\" name=\"wpforms[fields][1]\" required><\/div><div id=\"wpforms-1535-field_6-container\" class=\"wpforms-field wpforms-field-text\" data-field-id=\"6\"><label class=\"wpforms-field-label\" for=\"wpforms-1535-field_6\">N\u00famero <span class=\"wpforms-required-label\">*<\/span><\/label><input type=\"text\" id=\"wpforms-1535-field_6\" class=\"wpforms-field-medium wpforms-field-required\" name=\"wpforms[fields][6]\" required><\/div><div id=\"wpforms-1535-field_3-container\" class=\"wpforms-field wpforms-field-email\" data-field-id=\"3\"><label class=\"wpforms-field-label\" for=\"wpforms-1535-field_3\">Correo electr\u00f3nico <span class=\"wpforms-required-label\">*<\/span><\/label><input type=\"email\" id=\"wpforms-1535-field_3\" class=\"wpforms-field-medium wpforms-field-required\" name=\"wpforms[fields][3]\" spellcheck=\"false\" required><\/div><div id=\"wpforms-1535-field_4-container\" class=\"wpforms-field wpforms-field-text\" data-field-id=\"4\"><label class=\"wpforms-field-label\" for=\"wpforms-1535-field_4\">Empresa<\/label><input type=\"text\" id=\"wpforms-1535-field_4\" class=\"wpforms-field-medium\" name=\"wpforms[fields][4]\" ><\/div><div id=\"wpforms-1535-field_5-container\" class=\"wpforms-field wpforms-field-textarea\" data-field-id=\"5\"><label class=\"wpforms-field-label\" for=\"wpforms-1535-field_5\">\u00bfQu\u00e9 necesitas? <span class=\"wpforms-required-label\">*<\/span><\/label><textarea id=\"wpforms-1535-field_5\" class=\"wpforms-field-medium wpforms-field-required\" name=\"wpforms[fields][5]\" required><\/textarea><\/div><\/div><!-- .wpforms-field-container --><div class=\"wpforms-submit-container\" ><input type=\"hidden\" name=\"wpforms[id]\" value=\"1535\"><input type=\"hidden\" name=\"wpforms[author]\" value=\"1\"><button type=\"submit\" name=\"wpforms[submit]\" id=\"wpforms-submit-1535\" class=\"wpforms-submit\" data-alt-text=\"Enviando...\" data-submit-text=\"Enviar\" aria-live=\"assertive\" value=\"wpforms-submit\">Enviar<\/button><img loading=\"lazy\" decoding=\"async\" src=\"https:\/\/soldadurasslp.com\/wp-content\/plugins\/wpforms-lite\/assets\/images\/submit-spin.svg\" class=\"wpforms-submit-spinner\" style=\"display: none;\" width=\"26\" height=\"26\" alt=\"Cargando\"><\/div><\/form><\/div>  <!-- .wpforms-container -->\n","protected":false},"excerpt":{"rendered":"<p>Voltaje de entrada(V): 127V 50\/60Hz Potencia de entrada (KVA) : 3.8MMA:4.8 Corriente de entrada nominal (A): 32.5MMA:36.5 Corriente de salida nominal y voltaje : 120A\/20V MMA:120A\/24.8V Corriente \u00a0de salida (A): 50~120 MMA:20~120 Voltaje de carga (V):68 Ciclo de servicio nominal(%):60 Eficiencia (%):85 Factor de \u00a0potencia(cos\u00f8):0.73 Clase de protecci\u00f3n:IP21S Clase de aislamiento Velocidad de alimentaci\u00f3n del [&hellip;]<\/p>\n","protected":false},"featured_media":2530,"template":"","meta":{"om_disable_all_campaigns":false,"_mi_skip_tracking":false,"_monsterinsights_sitenote_active":false,"_monsterinsights_sitenote_note":"","_monsterinsights_sitenote_category":0},"product_cat":[563],"product_tag":[132,337],"jetpack_sharing_enabled":true,"_links":{"self":[{"href":"https:\/\/soldadurasslp.com\/index.php\/wp-json\/wp\/v2\/product\/1002"}],"collection":[{"href":"https:\/\/soldadurasslp.com\/index.php\/wp-json\/wp\/v2\/product"}],"about":[{"href":"https:\/\/soldadurasslp.com\/index.php\/wp-json\/wp\/v2\/types\/product"}],"version-history":[{"count":2,"href":"https:\/\/soldadurasslp.com\/index.php\/wp-json\/wp\/v2\/product\/1002\/revisions"}],"predecessor-version":[{"id":2532,"href":"https:\/\/soldadurasslp.com\/index.php\/wp-json\/wp\/v2\/product\/1002\/revisions\/2532"}],"wp:featuredmedia":[{"embeddable":true,"href":"https:\/\/soldadurasslp.com\/index.php\/wp-json\/wp\/v2\/media\/2530"}],"wp:attachment":[{"href":"https:\/\/soldadurasslp.com\/index.php\/wp-json\/wp\/v2\/media?parent=1002"}],"wp:term":[{"taxonomy":"product_cat","embeddable":true,"href":"https:\/\/soldadurasslp.com\/index.php\/wp-json\/wp\/v2\/product_cat?post=1002"},{"taxonomy":"product_tag","embeddable":true,"href":"https:\/\/soldadurasslp.com\/index.php\/wp-json\/wp\/v2\/product_tag?post=1002"}],"curies":[{"name":"wp","href":"https:\/\/api.w.org\/{rel}","templated":true}]}}