{"id":1017,"date":"2022-09-28T08:01:43","date_gmt":"2022-09-28T08:01:43","guid":{"rendered":"https:\/\/soldadurasslp.com\/index.php\/product\/skyarc-2050fx-titanium-inversor-sweiss\/"},"modified":"2022-11-12T18:02:32","modified_gmt":"2022-11-12T18:02:32","slug":"skyarc-2050fx-titanium-inversor-sweiss","status":"publish","type":"product","link":"https:\/\/soldadurasslp.com\/index.php\/product\/skyarc-2050fx-titanium-inversor-sweiss\/","title":{"rendered":"SkyArc 2050Fx Titanium &#8211; Inversor Sweiss"},"content":{"rendered":"<p>Nueva y exclusiva tecnolog\u00eda de SWEISS, que convierte cualquier equipo MMA con tecnolog\u00eda WELD360 en un equipo multiproceso MIG\/MAG, MMA y TIG LIFT (puede requerir accesorios opcionales). Un equipo dise\u00f1ado para dar los mejores resultados en el uso diario, sobresaliendo en la conectividad, permitiendo su conexi\u00f3n en cualquier fuente de alimentaci\u00f3n de 95 a 270V. Permite adem\u00e1s una conexi\u00f3n segura a generadores un 30% m\u00e1s peque\u00f1os que los equipos inversores tradicionales y admite extensiones de hasta 150m. Sin perdida de potencia. Excelente calidad de soldadura en todo tipo de electrodos. 6013,7018,6010,6011, SS.<br \/>\n<em><strong>Accesorios\u00a0<\/strong><\/em><b><i>incluidos<\/i><\/b><br \/>\nCareta SKYVIEW 650N<br \/>\nAntorcha Spool Gun (MIG\/MAG \/GMAW)<br \/>\nConjunto pinza porta electrodos, con cable de 3m, cu16 (SWKPE163)<br \/>\nConjunto pinza de masa, con cable de 2m, cu16. (SWKPM162)<br \/>\nM3-315: Soldadura autoprotegida FCAW 0.035?AWS E71T-GS<\/p>\n<div class=\"wpforms-container wpforms-container-full\" id=\"wpforms-1535\"><form id=\"wpforms-form-1535\" class=\"wpforms-validate wpforms-form wpforms-ajax-form\" data-formid=\"1535\" method=\"post\" enctype=\"multipart\/form-data\" action=\"\/index.php\/wp-json\/wp\/v2\/product\/1017\" data-token=\"9e6ca5f1cdb2088837dbddd059d7a2ba\"><div class=\"wpforms-head-container\"><div class=\"wpforms-title\">Cotiza<\/div><\/div><noscript class=\"wpforms-error-noscript\">Por favor, activa JavaScript en tu navegador para completar este formulario.<\/noscript><div class=\"wpforms-field-container\"><div id=\"wpforms-1535-field_1-container\" class=\"wpforms-field wpforms-field-name\" data-field-id=\"1\"><label class=\"wpforms-field-label\" for=\"wpforms-1535-field_1\">Nombre <span class=\"wpforms-required-label\">*<\/span><\/label><input type=\"text\" id=\"wpforms-1535-field_1\" class=\"wpforms-field-medium wpforms-field-required\" name=\"wpforms[fields][1]\" required><\/div><div id=\"wpforms-1535-field_6-container\" class=\"wpforms-field wpforms-field-text\" data-field-id=\"6\"><label class=\"wpforms-field-label\" for=\"wpforms-1535-field_6\">N\u00famero <span class=\"wpforms-required-label\">*<\/span><\/label><input type=\"text\" id=\"wpforms-1535-field_6\" class=\"wpforms-field-medium wpforms-field-required\" name=\"wpforms[fields][6]\" required><\/div><div id=\"wpforms-1535-field_3-container\" class=\"wpforms-field wpforms-field-email\" data-field-id=\"3\"><label class=\"wpforms-field-label\" for=\"wpforms-1535-field_3\">Correo electr\u00f3nico <span class=\"wpforms-required-label\">*<\/span><\/label><input type=\"email\" id=\"wpforms-1535-field_3\" class=\"wpforms-field-medium wpforms-field-required\" name=\"wpforms[fields][3]\" spellcheck=\"false\" required><\/div><div id=\"wpforms-1535-field_4-container\" class=\"wpforms-field wpforms-field-text\" data-field-id=\"4\"><label class=\"wpforms-field-label\" for=\"wpforms-1535-field_4\">Empresa<\/label><input type=\"text\" id=\"wpforms-1535-field_4\" class=\"wpforms-field-medium\" name=\"wpforms[fields][4]\" ><\/div><div id=\"wpforms-1535-field_5-container\" class=\"wpforms-field wpforms-field-textarea\" data-field-id=\"5\"><label class=\"wpforms-field-label\" for=\"wpforms-1535-field_5\">\u00bfQu\u00e9 necesitas? <span class=\"wpforms-required-label\">*<\/span><\/label><textarea id=\"wpforms-1535-field_5\" class=\"wpforms-field-medium wpforms-field-required\" name=\"wpforms[fields][5]\" required><\/textarea><\/div><\/div><!-- .wpforms-field-container --><div class=\"wpforms-submit-container\" ><input type=\"hidden\" name=\"wpforms[id]\" value=\"1535\"><input type=\"hidden\" name=\"wpforms[author]\" value=\"1\"><button type=\"submit\" name=\"wpforms[submit]\" id=\"wpforms-submit-1535\" class=\"wpforms-submit\" data-alt-text=\"Enviando...\" data-submit-text=\"Enviar\" aria-live=\"assertive\" value=\"wpforms-submit\">Enviar<\/button><img loading=\"lazy\" decoding=\"async\" src=\"https:\/\/soldadurasslp.com\/wp-content\/plugins\/wpforms-lite\/assets\/images\/submit-spin.svg\" class=\"wpforms-submit-spinner\" style=\"display: none;\" width=\"26\" height=\"26\" alt=\"Cargando\"><\/div><\/form><\/div>  <!-- .wpforms-container -->\n","protected":false},"excerpt":{"rendered":"<p>Nueva y exclusiva tecnolog\u00eda de SWEISS, que convierte cualquier equipo MMA con tecnolog\u00eda WELD360 en un equipo multiproceso MIG\/MAG, MMA y TIG LIFT (puede requerir accesorios opcionales). Un equipo dise\u00f1ado para dar los mejores resultados en el uso diario, sobresaliendo en la conectividad, permitiendo su conexi\u00f3n en cualquier fuente de alimentaci\u00f3n de 95 a 270V. [&hellip;]<\/p>\n","protected":false},"featured_media":2497,"template":"","meta":{"om_disable_all_campaigns":false,"_mi_skip_tracking":false,"_monsterinsights_sitenote_active":false,"_monsterinsights_sitenote_note":"","_monsterinsights_sitenote_category":0},"product_cat":[24,563],"product_tag":[51,351,350,643],"jetpack_sharing_enabled":true,"_links":{"self":[{"href":"https:\/\/soldadurasslp.com\/index.php\/wp-json\/wp\/v2\/product\/1017"}],"collection":[{"href":"https:\/\/soldadurasslp.com\/index.php\/wp-json\/wp\/v2\/product"}],"about":[{"href":"https:\/\/soldadurasslp.com\/index.php\/wp-json\/wp\/v2\/types\/product"}],"version-history":[{"count":2,"href":"https:\/\/soldadurasslp.com\/index.php\/wp-json\/wp\/v2\/product\/1017\/revisions"}],"predecessor-version":[{"id":2500,"href":"https:\/\/soldadurasslp.com\/index.php\/wp-json\/wp\/v2\/product\/1017\/revisions\/2500"}],"wp:featuredmedia":[{"embeddable":true,"href":"https:\/\/soldadurasslp.com\/index.php\/wp-json\/wp\/v2\/media\/2497"}],"wp:attachment":[{"href":"https:\/\/soldadurasslp.com\/index.php\/wp-json\/wp\/v2\/media?parent=1017"}],"wp:term":[{"taxonomy":"product_cat","embeddable":true,"href":"https:\/\/soldadurasslp.com\/index.php\/wp-json\/wp\/v2\/product_cat?post=1017"},{"taxonomy":"product_tag","embeddable":true,"href":"https:\/\/soldadurasslp.com\/index.php\/wp-json\/wp\/v2\/product_tag?post=1017"}],"curies":[{"name":"wp","href":"https:\/\/api.w.org\/{rel}","templated":true}]}}