{"id":1242,"date":"2022-09-28T08:02:15","date_gmt":"2022-09-28T08:02:15","guid":{"rendered":"https:\/\/soldadurasslp.com\/index.php\/product\/sweiss-skycut-450-fx\/"},"modified":"2022-10-04T05:33:25","modified_gmt":"2022-10-04T05:33:25","slug":"sweiss-skycut-450-fx","status":"publish","type":"product","link":"https:\/\/soldadurasslp.com\/index.php\/product\/sweiss-skycut-450-fx\/","title":{"rendered":"Sweiss SkyCut 450 FX"},"content":{"rendered":"<p><em><strong>INCLUYE:<\/strong><\/em><br \/>\n-Conjunto pinza de masa, con cable de 3m, cu16.<br \/>\n-SWEISS TITAN CUT 70 X . Antorcha plasma 6m.<br \/>\n<em><strong>MANU<span style=\"color: #000000;\">AL: <a style=\"color: #000000;\" href=\"https:\/\/iwelding.com.mx\/wp-content\/uploads\/2022\/01\/manual_skycut_450.pdf\" target=\"_blank\" rel=\"noopener\">Manual SkyCut 450fx<\/a><\/span><\/strong><\/em><\/p>\n<p>Liviana, potente y conectable a cualquier fuente de potencia de 95 a 270V. Excelente capacidad de corte de hasta 20mm, gracias a la tecnolog\u00eda HIGH VOLTAGE, que ofrece hasta 400V de Ocv, para brindar la mayor capacidad de corte de la categor\u00eda. Excelente ignici\u00f3n de arco por ARCO PILOTO, m\u00e1s seguro y con mayor duraci\u00f3n de los consumibles.<\/p>\n<ul>\n<li><strong>Principales caracter\u00edsticas:<\/strong><br \/>\n-La \u00faltima tecnolog\u00eda resonante con microprocesador para ofrecer el MEJOR ARCO.<br \/>\n-Tecnolog\u00eda \u00fanica de SWEISS, que permite la conexi\u00f3n el\u00e9ctrica a 95 &#8211; 270V, ahorrando un 40% de energ\u00eda el\u00e9ctrica, permitiendo ser conectado a generadores un 30% menos potentes.<br \/>\n-Human machine interface.<br \/>\n-Digital flow control<br \/>\n-El equipo mide la presi\u00f3n del aire electr\u00f3nicamente. Antorcha de nueva generaci\u00f3n.<\/li>\n<\/ul>\n<div class=\"wpforms-container wpforms-container-full\" id=\"wpforms-1535\"><form id=\"wpforms-form-1535\" class=\"wpforms-validate wpforms-form wpforms-ajax-form\" data-formid=\"1535\" method=\"post\" enctype=\"multipart\/form-data\" action=\"\/index.php\/wp-json\/wp\/v2\/product\/1242\" data-token=\"9e6ca5f1cdb2088837dbddd059d7a2ba\"><div class=\"wpforms-head-container\"><div class=\"wpforms-title\">Cotiza<\/div><\/div><noscript class=\"wpforms-error-noscript\">Por favor, activa JavaScript en tu navegador para completar este formulario.<\/noscript><div class=\"wpforms-field-container\"><div id=\"wpforms-1535-field_1-container\" class=\"wpforms-field wpforms-field-name\" data-field-id=\"1\"><label class=\"wpforms-field-label\" for=\"wpforms-1535-field_1\">Nombre <span class=\"wpforms-required-label\">*<\/span><\/label><input type=\"text\" id=\"wpforms-1535-field_1\" class=\"wpforms-field-medium wpforms-field-required\" name=\"wpforms[fields][1]\" required><\/div><div id=\"wpforms-1535-field_6-container\" class=\"wpforms-field wpforms-field-text\" data-field-id=\"6\"><label class=\"wpforms-field-label\" for=\"wpforms-1535-field_6\">N\u00famero <span class=\"wpforms-required-label\">*<\/span><\/label><input type=\"text\" id=\"wpforms-1535-field_6\" class=\"wpforms-field-medium wpforms-field-required\" name=\"wpforms[fields][6]\" required><\/div><div id=\"wpforms-1535-field_3-container\" class=\"wpforms-field wpforms-field-email\" data-field-id=\"3\"><label class=\"wpforms-field-label\" for=\"wpforms-1535-field_3\">Correo electr\u00f3nico <span class=\"wpforms-required-label\">*<\/span><\/label><input type=\"email\" id=\"wpforms-1535-field_3\" class=\"wpforms-field-medium wpforms-field-required\" name=\"wpforms[fields][3]\" spellcheck=\"false\" required><\/div><div id=\"wpforms-1535-field_4-container\" class=\"wpforms-field wpforms-field-text\" data-field-id=\"4\"><label class=\"wpforms-field-label\" for=\"wpforms-1535-field_4\">Empresa<\/label><input type=\"text\" id=\"wpforms-1535-field_4\" class=\"wpforms-field-medium\" name=\"wpforms[fields][4]\" ><\/div><div id=\"wpforms-1535-field_5-container\" class=\"wpforms-field wpforms-field-textarea\" data-field-id=\"5\"><label class=\"wpforms-field-label\" for=\"wpforms-1535-field_5\">\u00bfQu\u00e9 necesitas? <span class=\"wpforms-required-label\">*<\/span><\/label><textarea id=\"wpforms-1535-field_5\" class=\"wpforms-field-medium wpforms-field-required\" name=\"wpforms[fields][5]\" required><\/textarea><\/div><\/div><!-- .wpforms-field-container --><div class=\"wpforms-submit-container\" ><input type=\"hidden\" name=\"wpforms[id]\" value=\"1535\"><input type=\"hidden\" name=\"wpforms[author]\" value=\"1\"><button type=\"submit\" name=\"wpforms[submit]\" id=\"wpforms-submit-1535\" class=\"wpforms-submit\" data-alt-text=\"Enviando...\" data-submit-text=\"Enviar\" aria-live=\"assertive\" value=\"wpforms-submit\">Enviar<\/button><img loading=\"lazy\" decoding=\"async\" src=\"https:\/\/soldadurasslp.com\/wp-content\/plugins\/wpforms-lite\/assets\/images\/submit-spin.svg\" class=\"wpforms-submit-spinner\" style=\"display: none;\" width=\"26\" height=\"26\" alt=\"Cargando\"><\/div><\/form><\/div>  <!-- .wpforms-container -->\n","protected":false},"excerpt":{"rendered":"<p>&nbsp;<\/p>\n<p>&nbsp;<\/p>\n","protected":false},"featured_media":1938,"template":"","meta":{"om_disable_all_campaigns":false,"_mi_skip_tracking":false,"_monsterinsights_sitenote_active":false,"_monsterinsights_sitenote_note":"","_monsterinsights_sitenote_category":0},"product_cat":[24,563],"product_tag":[296,297,350],"jetpack_sharing_enabled":true,"_links":{"self":[{"href":"https:\/\/soldadurasslp.com\/index.php\/wp-json\/wp\/v2\/product\/1242"}],"collection":[{"href":"https:\/\/soldadurasslp.com\/index.php\/wp-json\/wp\/v2\/product"}],"about":[{"href":"https:\/\/soldadurasslp.com\/index.php\/wp-json\/wp\/v2\/types\/product"}],"version-history":[{"count":1,"href":"https:\/\/soldadurasslp.com\/index.php\/wp-json\/wp\/v2\/product\/1242\/revisions"}],"predecessor-version":[{"id":1939,"href":"https:\/\/soldadurasslp.com\/index.php\/wp-json\/wp\/v2\/product\/1242\/revisions\/1939"}],"wp:featuredmedia":[{"embeddable":true,"href":"https:\/\/soldadurasslp.com\/index.php\/wp-json\/wp\/v2\/media\/1938"}],"wp:attachment":[{"href":"https:\/\/soldadurasslp.com\/index.php\/wp-json\/wp\/v2\/media?parent=1242"}],"wp:term":[{"taxonomy":"product_cat","embeddable":true,"href":"https:\/\/soldadurasslp.com\/index.php\/wp-json\/wp\/v2\/product_cat?post=1242"},{"taxonomy":"product_tag","embeddable":true,"href":"https:\/\/soldadurasslp.com\/index.php\/wp-json\/wp\/v2\/product_tag?post=1242"}],"curies":[{"name":"wp","href":"https:\/\/api.w.org\/{rel}","templated":true}]}}