{"id":1443,"date":"2022-09-28T08:02:43","date_gmt":"2022-09-28T08:02:43","guid":{"rendered":"https:\/\/soldadurasslp.com\/index.php\/product\/atornillador-de-impacto-18v\/"},"modified":"2022-09-29T17:02:54","modified_gmt":"2022-09-29T17:02:54","slug":"atornillador-de-impacto-18v","status":"publish","type":"product","link":"https:\/\/soldadurasslp.com\/index.php\/product\/atornillador-de-impacto-18v\/","title":{"rendered":"CAT Atornillador de Impacto 18V"},"content":{"rendered":"<p><strong>CARACTERISTICAS<\/strong><\/p>\n<ul>\n<li>Motor sin carbones<\/li>\n<li>Reversible y con velocidad variable<\/li>\n<li>Luz LED con funci\u00f3n Pre-light para \u00e1rea de trabajo<\/li>\n<li>Conveniente clip de correa libera las manos para multitarea<\/li>\n<li>Dise\u00f1o de 3 velocidades<\/li>\n<li>Mango moldeado en goma<\/li>\n<\/ul>\n<p><strong>ESPECIFICACIONES<\/strong><\/p>\n<ul>\n<li>Voltaje: 18V<\/li>\n<li>Tama\u00f1o del portabrocas: 1\/4!Hex<\/li>\n<li>Velocidad sin carga: 0-1300\/2100\/3200\/min<\/li>\n<li>Impacto: 0-1600\/2900\/3600bpm<\/li>\n<li>Par m\u00e1ximo: 215N.m<\/li>\n<\/ul>\n<p><strong>ACCESORIOS<\/strong><\/p>\n<ul>\n<li>2 Bater\u00edas 2.0Ah<\/li>\n<li>1 Clip para cintur\u00f3n<\/li>\n<li>Caja de transporte de pl\u00e1stico inyectado<\/li>\n<\/ul>\n<div class=\"wpforms-container wpforms-container-full\" id=\"wpforms-1535\"><form id=\"wpforms-form-1535\" class=\"wpforms-validate wpforms-form wpforms-ajax-form\" data-formid=\"1535\" method=\"post\" enctype=\"multipart\/form-data\" action=\"\/index.php\/wp-json\/wp\/v2\/product\/1443\" data-token=\"9e6ca5f1cdb2088837dbddd059d7a2ba\"><div class=\"wpforms-head-container\"><div class=\"wpforms-title\">Cotiza<\/div><\/div><noscript class=\"wpforms-error-noscript\">Por favor, activa JavaScript en tu navegador para completar este formulario.<\/noscript><div class=\"wpforms-field-container\"><div id=\"wpforms-1535-field_1-container\" class=\"wpforms-field wpforms-field-name\" data-field-id=\"1\"><label class=\"wpforms-field-label\" for=\"wpforms-1535-field_1\">Nombre <span class=\"wpforms-required-label\">*<\/span><\/label><input type=\"text\" id=\"wpforms-1535-field_1\" class=\"wpforms-field-medium wpforms-field-required\" name=\"wpforms[fields][1]\" required><\/div><div id=\"wpforms-1535-field_6-container\" class=\"wpforms-field wpforms-field-text\" data-field-id=\"6\"><label class=\"wpforms-field-label\" for=\"wpforms-1535-field_6\">N\u00famero <span class=\"wpforms-required-label\">*<\/span><\/label><input type=\"text\" id=\"wpforms-1535-field_6\" class=\"wpforms-field-medium wpforms-field-required\" name=\"wpforms[fields][6]\" required><\/div><div id=\"wpforms-1535-field_3-container\" class=\"wpforms-field wpforms-field-email\" data-field-id=\"3\"><label class=\"wpforms-field-label\" for=\"wpforms-1535-field_3\">Correo electr\u00f3nico <span class=\"wpforms-required-label\">*<\/span><\/label><input type=\"email\" id=\"wpforms-1535-field_3\" class=\"wpforms-field-medium wpforms-field-required\" name=\"wpforms[fields][3]\" spellcheck=\"false\" required><\/div><div id=\"wpforms-1535-field_4-container\" class=\"wpforms-field wpforms-field-text\" data-field-id=\"4\"><label class=\"wpforms-field-label\" for=\"wpforms-1535-field_4\">Empresa<\/label><input type=\"text\" id=\"wpforms-1535-field_4\" class=\"wpforms-field-medium\" name=\"wpforms[fields][4]\" ><\/div><div id=\"wpforms-1535-field_5-container\" class=\"wpforms-field wpforms-field-textarea\" data-field-id=\"5\"><label class=\"wpforms-field-label\" for=\"wpforms-1535-field_5\">\u00bfQu\u00e9 necesitas? <span class=\"wpforms-required-label\">*<\/span><\/label><textarea id=\"wpforms-1535-field_5\" class=\"wpforms-field-medium wpforms-field-required\" name=\"wpforms[fields][5]\" required><\/textarea><\/div><\/div><!-- .wpforms-field-container --><div class=\"wpforms-submit-container\" ><input type=\"hidden\" name=\"wpforms[id]\" value=\"1535\"><input type=\"hidden\" name=\"wpforms[author]\" value=\"1\"><button type=\"submit\" name=\"wpforms[submit]\" id=\"wpforms-submit-1535\" class=\"wpforms-submit\" data-alt-text=\"Enviando...\" data-submit-text=\"Enviar\" aria-live=\"assertive\" value=\"wpforms-submit\">Enviar<\/button><img loading=\"lazy\" decoding=\"async\" src=\"https:\/\/soldadurasslp.com\/wp-content\/plugins\/wpforms-lite\/assets\/images\/submit-spin.svg\" class=\"wpforms-submit-spinner\" style=\"display: none;\" width=\"26\" height=\"26\" alt=\"Cargando\"><\/div><\/form><\/div>  <!-- .wpforms-container -->\n","protected":false},"excerpt":{"rendered":"<p>CARACTERISTICAS Motor sin carbones Reversible y con velocidad variable Luz LED con funci\u00f3n Pre-light para \u00e1rea de trabajo Conveniente clip de correa libera las manos para multitarea Dise\u00f1o de 3 velocidades Mango moldeado en goma ESPECIFICACIONES Voltaje: 18V Tama\u00f1o del portabrocas: 1\/4!Hex Velocidad sin carga: 0-1300\/2100\/3200\/min Impacto: 0-1600\/2900\/3600bpm Par m\u00e1ximo: 215N.m ACCESORIOS 2 Bater\u00edas 2.0Ah [&hellip;]<\/p>\n","protected":false},"featured_media":1527,"template":"","meta":{"om_disable_all_campaigns":false,"_mi_skip_tracking":false,"_monsterinsights_sitenote_active":false,"_monsterinsights_sitenote_note":"","_monsterinsights_sitenote_category":0},"product_cat":[565,24],"product_tag":[548,549,579],"jetpack_sharing_enabled":true,"_links":{"self":[{"href":"https:\/\/soldadurasslp.com\/index.php\/wp-json\/wp\/v2\/product\/1443"}],"collection":[{"href":"https:\/\/soldadurasslp.com\/index.php\/wp-json\/wp\/v2\/product"}],"about":[{"href":"https:\/\/soldadurasslp.com\/index.php\/wp-json\/wp\/v2\/types\/product"}],"version-history":[{"count":1,"href":"https:\/\/soldadurasslp.com\/index.php\/wp-json\/wp\/v2\/product\/1443\/revisions"}],"predecessor-version":[{"id":1528,"href":"https:\/\/soldadurasslp.com\/index.php\/wp-json\/wp\/v2\/product\/1443\/revisions\/1528"}],"wp:featuredmedia":[{"embeddable":true,"href":"https:\/\/soldadurasslp.com\/index.php\/wp-json\/wp\/v2\/media\/1527"}],"wp:attachment":[{"href":"https:\/\/soldadurasslp.com\/index.php\/wp-json\/wp\/v2\/media?parent=1443"}],"wp:term":[{"taxonomy":"product_cat","embeddable":true,"href":"https:\/\/soldadurasslp.com\/index.php\/wp-json\/wp\/v2\/product_cat?post=1443"},{"taxonomy":"product_tag","embeddable":true,"href":"https:\/\/soldadurasslp.com\/index.php\/wp-json\/wp\/v2\/product_tag?post=1443"}],"curies":[{"name":"wp","href":"https:\/\/api.w.org\/{rel}","templated":true}]}}