{"id":1445,"date":"2022-09-28T08:02:43","date_gmt":"2022-09-28T08:02:43","guid":{"rendered":"https:\/\/soldadurasslp.com\/index.php\/product\/rotomartillo-a-bateria-cat\/"},"modified":"2022-09-29T17:08:50","modified_gmt":"2022-09-29T17:08:50","slug":"rotomartillo-a-bateria-cat","status":"publish","type":"product","link":"https:\/\/soldadurasslp.com\/index.php\/product\/rotomartillo-a-bateria-cat\/","title":{"rendered":"CAT Rotomartillo a Bater\u00eda CAT"},"content":{"rendered":"<p><strong>CARACTER\u00cdSTICAS<\/strong><\/p>\n<ul>\n<li>Motor sin carbones<\/li>\n<li>Rotaci\u00f3n hacia delante y hacia atr\u00e1s<\/li>\n<li>Dise\u00f1o antivibraci\u00f3n<\/li>\n<li>Funci\u00f3n de impulso electr\u00f3nico para facilitar la perforaci\u00f3n en baldosas cer\u00e1micas<\/li>\n<li>5 Funciones: taladro, martillo, atornillado, cincelado, perforaci\u00f3n por impulsos<\/li>\n<li>Sistema de cambio r\u00e1pido de accesorios SDS-Plus<\/li>\n<li>Protecci\u00f3n electr\u00f3nica de sobrecarga<\/li>\n<li>Reversible y con velocidad variable<\/li>\n<li>Luz de trabajo<\/li>\n<\/ul>\n<p><strong>ESPECIFICACIONES:<\/strong><\/p>\n<ul>\n<li>Voltaje: 18v<\/li>\n<li>Broquero: SDS-Plus<\/li>\n<li>Velocidad sin carga: 0-1210\/min<\/li>\n<li>Impacto por minuto: 0-5400bpm<\/li>\n<li>Energ\u00eda de impacto: 22J<\/li>\n<li>Capacidad de perforaci\u00f3n<strong>:\u00a0<\/strong>Madera 32mm, Acero 13mm y Concreto 26mm.<\/li>\n<\/ul>\n<p><strong>ACCESORIOS<\/strong><\/p>\n<ul>\n<li>2 Bater\u00edas 4.0Ah<\/li>\n<li>1 Mango auxiliar<\/li>\n<li>1 Cargador 4A<\/li>\n<li>1 Medidor de profundidad<\/li>\n<li>Caja de transporte de pl\u00e1stico inyectado + Caja de Color<\/li>\n<\/ul>\n<div class=\"wpforms-container wpforms-container-full\" id=\"wpforms-1535\"><form id=\"wpforms-form-1535\" class=\"wpforms-validate wpforms-form wpforms-ajax-form\" data-formid=\"1535\" method=\"post\" enctype=\"multipart\/form-data\" action=\"\/index.php\/wp-json\/wp\/v2\/product\/1445\" data-token=\"9e6ca5f1cdb2088837dbddd059d7a2ba\"><div class=\"wpforms-head-container\"><div class=\"wpforms-title\">Cotiza<\/div><\/div><noscript class=\"wpforms-error-noscript\">Por favor, activa JavaScript en tu navegador para completar este formulario.<\/noscript><div class=\"wpforms-field-container\"><div id=\"wpforms-1535-field_1-container\" class=\"wpforms-field wpforms-field-name\" data-field-id=\"1\"><label class=\"wpforms-field-label\" for=\"wpforms-1535-field_1\">Nombre <span class=\"wpforms-required-label\">*<\/span><\/label><input type=\"text\" id=\"wpforms-1535-field_1\" class=\"wpforms-field-medium wpforms-field-required\" name=\"wpforms[fields][1]\" required><\/div><div id=\"wpforms-1535-field_6-container\" class=\"wpforms-field wpforms-field-text\" data-field-id=\"6\"><label class=\"wpforms-field-label\" for=\"wpforms-1535-field_6\">N\u00famero <span class=\"wpforms-required-label\">*<\/span><\/label><input type=\"text\" id=\"wpforms-1535-field_6\" class=\"wpforms-field-medium wpforms-field-required\" name=\"wpforms[fields][6]\" required><\/div><div id=\"wpforms-1535-field_3-container\" class=\"wpforms-field wpforms-field-email\" data-field-id=\"3\"><label class=\"wpforms-field-label\" for=\"wpforms-1535-field_3\">Correo electr\u00f3nico <span class=\"wpforms-required-label\">*<\/span><\/label><input type=\"email\" id=\"wpforms-1535-field_3\" class=\"wpforms-field-medium wpforms-field-required\" name=\"wpforms[fields][3]\" spellcheck=\"false\" required><\/div><div id=\"wpforms-1535-field_4-container\" class=\"wpforms-field wpforms-field-text\" data-field-id=\"4\"><label class=\"wpforms-field-label\" for=\"wpforms-1535-field_4\">Empresa<\/label><input type=\"text\" id=\"wpforms-1535-field_4\" class=\"wpforms-field-medium\" name=\"wpforms[fields][4]\" ><\/div><div id=\"wpforms-1535-field_5-container\" class=\"wpforms-field wpforms-field-textarea\" data-field-id=\"5\"><label class=\"wpforms-field-label\" for=\"wpforms-1535-field_5\">\u00bfQu\u00e9 necesitas? <span class=\"wpforms-required-label\">*<\/span><\/label><textarea id=\"wpforms-1535-field_5\" class=\"wpforms-field-medium wpforms-field-required\" name=\"wpforms[fields][5]\" required><\/textarea><\/div><\/div><!-- .wpforms-field-container --><div class=\"wpforms-submit-container\" ><input type=\"hidden\" name=\"wpforms[id]\" value=\"1535\"><input type=\"hidden\" name=\"wpforms[author]\" value=\"1\"><button type=\"submit\" name=\"wpforms[submit]\" id=\"wpforms-submit-1535\" class=\"wpforms-submit\" data-alt-text=\"Enviando...\" data-submit-text=\"Enviar\" aria-live=\"assertive\" value=\"wpforms-submit\">Enviar<\/button><img loading=\"lazy\" decoding=\"async\" src=\"https:\/\/soldadurasslp.com\/wp-content\/plugins\/wpforms-lite\/assets\/images\/submit-spin.svg\" class=\"wpforms-submit-spinner\" style=\"display: none;\" width=\"26\" height=\"26\" alt=\"Cargando\"><\/div><\/form><\/div>  <!-- .wpforms-container -->\n<p>&nbsp;<\/p>\n","protected":false},"excerpt":{"rendered":"<p>CARACTER\u00cdSTICAS Motor sin carbones Rotaci\u00f3n hacia delante y hacia atr\u00e1s Dise\u00f1o antivibraci\u00f3n Funci\u00f3n de impulso electr\u00f3nico para facilitar la perforaci\u00f3n en baldosas cer\u00e1micas 5 Funciones: taladro, martillo, atornillado, cincelado, perforaci\u00f3n por impulsos Sistema de cambio r\u00e1pido de accesorios SDS-Plus Protecci\u00f3n electr\u00f3nica de sobrecarga Reversible y con velocidad variable Luz de trabajo ESPECIFICACIONES: Voltaje: 18v Broquero: [&hellip;]<\/p>\n","protected":false},"featured_media":1523,"template":"","meta":{"om_disable_all_campaigns":false,"_mi_skip_tracking":false,"_monsterinsights_sitenote_active":false,"_monsterinsights_sitenote_note":"","_monsterinsights_sitenote_category":0},"product_cat":[565,24],"product_tag":[578,549,551],"jetpack_sharing_enabled":true,"_links":{"self":[{"href":"https:\/\/soldadurasslp.com\/index.php\/wp-json\/wp\/v2\/product\/1445"}],"collection":[{"href":"https:\/\/soldadurasslp.com\/index.php\/wp-json\/wp\/v2\/product"}],"about":[{"href":"https:\/\/soldadurasslp.com\/index.php\/wp-json\/wp\/v2\/types\/product"}],"version-history":[{"count":0,"href":"https:\/\/soldadurasslp.com\/index.php\/wp-json\/wp\/v2\/product\/1445\/revisions"}],"wp:featuredmedia":[{"embeddable":true,"href":"https:\/\/soldadurasslp.com\/index.php\/wp-json\/wp\/v2\/media\/1523"}],"wp:attachment":[{"href":"https:\/\/soldadurasslp.com\/index.php\/wp-json\/wp\/v2\/media?parent=1445"}],"wp:term":[{"taxonomy":"product_cat","embeddable":true,"href":"https:\/\/soldadurasslp.com\/index.php\/wp-json\/wp\/v2\/product_cat?post=1445"},{"taxonomy":"product_tag","embeddable":true,"href":"https:\/\/soldadurasslp.com\/index.php\/wp-json\/wp\/v2\/product_tag?post=1445"}],"curies":[{"name":"wp","href":"https:\/\/api.w.org\/{rel}","templated":true}]}}