{"id":1449,"date":"2022-09-28T08:02:44","date_gmt":"2022-09-28T08:02:44","guid":{"rendered":"https:\/\/soldadurasslp.com\/index.php\/product\/1500w-cat-rotomartillo\/"},"modified":"2022-09-29T16:59:51","modified_gmt":"2022-09-29T16:59:51","slug":"1500w-cat-rotomartillo","status":"publish","type":"product","link":"https:\/\/soldadurasslp.com\/index.php\/product\/1500w-cat-rotomartillo\/","title":{"rendered":"CAT 1500W CAT Rotomartillo"},"content":{"rendered":"<p><strong>CARACTERISTICAS<\/strong><\/p>\n<ul>\n<li>Rotaci\u00f3n hacia delante y hacia atr\u00e1s<\/li>\n<li>Mango moldeado en goma<\/li>\n<li>Caja de engranajes de aluminio<\/li>\n<li>Sistema de cambio r\u00e1pido del accesorio SDS Plus<\/li>\n<li>Cuatro funciones: Taladro, Martillo, Atornillado, Cincelado.<\/li>\n<li>Conexi\u00f3n especial del cable para proyecci\u00f3n completa del cable de alimentaci\u00f3n<\/li>\n<li>Mango principal antivibraci\u00f3n<\/li>\n<li>Bot\u00f3n de bloqueo del interruptor<\/li>\n<\/ul>\n<p><strong>ESPECIFICACIONES<\/strong><\/p>\n<ul>\n<li>Potencia nominal: 1500W<\/li>\n<li>Sin velocidad de carga: 0-920\/min<\/li>\n<li>Tasa de impacto: 0-3700bpm<\/li>\n<li>Energ\u00eda de impacto: 5.0J<\/li>\n<li>Capacidad m\u00e1xima de perforaci\u00f3n: Madera: 40mm, Acero 13mm y Concreto 32mm<\/li>\n<\/ul>\n<p><strong>ACCESORIOS<\/strong><\/p>\n<ul>\n<li>1 Mango auxiliar<\/li>\n<li>1 Medidor de profundidad<\/li>\n<li>1 Malet\u00edn de pl\u00e1stico<\/li>\n<li>1 Cubierta de aspiraci\u00f3n<\/li>\n<\/ul>\n<div class=\"wpforms-container wpforms-container-full\" id=\"wpforms-1535\"><form id=\"wpforms-form-1535\" class=\"wpforms-validate wpforms-form wpforms-ajax-form\" data-formid=\"1535\" method=\"post\" enctype=\"multipart\/form-data\" action=\"\/index.php\/wp-json\/wp\/v2\/product\/1449\" data-token=\"9e6ca5f1cdb2088837dbddd059d7a2ba\"><div class=\"wpforms-head-container\"><div class=\"wpforms-title\">Cotiza<\/div><\/div><noscript class=\"wpforms-error-noscript\">Por favor, activa JavaScript en tu navegador para completar este formulario.<\/noscript><div class=\"wpforms-field-container\"><div id=\"wpforms-1535-field_1-container\" class=\"wpforms-field wpforms-field-name\" data-field-id=\"1\"><label class=\"wpforms-field-label\" for=\"wpforms-1535-field_1\">Nombre <span class=\"wpforms-required-label\">*<\/span><\/label><input type=\"text\" id=\"wpforms-1535-field_1\" class=\"wpforms-field-medium wpforms-field-required\" name=\"wpforms[fields][1]\" required><\/div><div id=\"wpforms-1535-field_6-container\" class=\"wpforms-field wpforms-field-text\" data-field-id=\"6\"><label class=\"wpforms-field-label\" for=\"wpforms-1535-field_6\">N\u00famero <span class=\"wpforms-required-label\">*<\/span><\/label><input type=\"text\" id=\"wpforms-1535-field_6\" class=\"wpforms-field-medium wpforms-field-required\" name=\"wpforms[fields][6]\" required><\/div><div id=\"wpforms-1535-field_3-container\" class=\"wpforms-field wpforms-field-email\" data-field-id=\"3\"><label class=\"wpforms-field-label\" for=\"wpforms-1535-field_3\">Correo electr\u00f3nico <span class=\"wpforms-required-label\">*<\/span><\/label><input type=\"email\" id=\"wpforms-1535-field_3\" class=\"wpforms-field-medium wpforms-field-required\" name=\"wpforms[fields][3]\" spellcheck=\"false\" required><\/div><div id=\"wpforms-1535-field_4-container\" class=\"wpforms-field wpforms-field-text\" data-field-id=\"4\"><label class=\"wpforms-field-label\" for=\"wpforms-1535-field_4\">Empresa<\/label><input type=\"text\" id=\"wpforms-1535-field_4\" class=\"wpforms-field-medium\" name=\"wpforms[fields][4]\" ><\/div><div id=\"wpforms-1535-field_5-container\" class=\"wpforms-field wpforms-field-textarea\" data-field-id=\"5\"><label class=\"wpforms-field-label\" for=\"wpforms-1535-field_5\">\u00bfQu\u00e9 necesitas? <span class=\"wpforms-required-label\">*<\/span><\/label><textarea id=\"wpforms-1535-field_5\" class=\"wpforms-field-medium wpforms-field-required\" name=\"wpforms[fields][5]\" required><\/textarea><\/div><\/div><!-- .wpforms-field-container --><div class=\"wpforms-submit-container\" ><input type=\"hidden\" name=\"wpforms[id]\" value=\"1535\"><input type=\"hidden\" name=\"wpforms[author]\" value=\"1\"><button type=\"submit\" name=\"wpforms[submit]\" id=\"wpforms-submit-1535\" class=\"wpforms-submit\" data-alt-text=\"Enviando...\" data-submit-text=\"Enviar\" aria-live=\"assertive\" value=\"wpforms-submit\">Enviar<\/button><img loading=\"lazy\" decoding=\"async\" src=\"https:\/\/soldadurasslp.com\/wp-content\/plugins\/wpforms-lite\/assets\/images\/submit-spin.svg\" class=\"wpforms-submit-spinner\" style=\"display: none;\" width=\"26\" height=\"26\" alt=\"Cargando\"><\/div><\/form><\/div>  <!-- .wpforms-container -->\n<p>&nbsp;<\/p>\n","protected":false},"excerpt":{"rendered":"<p>CARACTERISTICAS Rotaci\u00f3n hacia delante y hacia atr\u00e1s Mango moldeado en goma Caja de engranajes de aluminio Sistema de cambio r\u00e1pido del accesorio SDS Plus Cuatro funciones: Taladro, Martillo, Atornillado, Cincelado. Conexi\u00f3n especial del cable para proyecci\u00f3n completa del cable de alimentaci\u00f3n Mango principal antivibraci\u00f3n Bot\u00f3n de bloqueo del interruptor ESPECIFICACIONES Potencia nominal: 1500W Sin velocidad [&hellip;]<\/p>\n","protected":false},"featured_media":1518,"template":"","meta":{"om_disable_all_campaigns":false,"_mi_skip_tracking":false,"_monsterinsights_sitenote_active":false,"_monsterinsights_sitenote_note":"","_monsterinsights_sitenote_category":0},"product_cat":[565,24],"product_tag":[549,551],"jetpack_sharing_enabled":true,"_links":{"self":[{"href":"https:\/\/soldadurasslp.com\/index.php\/wp-json\/wp\/v2\/product\/1449"}],"collection":[{"href":"https:\/\/soldadurasslp.com\/index.php\/wp-json\/wp\/v2\/product"}],"about":[{"href":"https:\/\/soldadurasslp.com\/index.php\/wp-json\/wp\/v2\/types\/product"}],"version-history":[{"count":1,"href":"https:\/\/soldadurasslp.com\/index.php\/wp-json\/wp\/v2\/product\/1449\/revisions"}],"predecessor-version":[{"id":1517,"href":"https:\/\/soldadurasslp.com\/index.php\/wp-json\/wp\/v2\/product\/1449\/revisions\/1517"}],"wp:featuredmedia":[{"embeddable":true,"href":"https:\/\/soldadurasslp.com\/index.php\/wp-json\/wp\/v2\/media\/1518"}],"wp:attachment":[{"href":"https:\/\/soldadurasslp.com\/index.php\/wp-json\/wp\/v2\/media?parent=1449"}],"wp:term":[{"taxonomy":"product_cat","embeddable":true,"href":"https:\/\/soldadurasslp.com\/index.php\/wp-json\/wp\/v2\/product_cat?post=1449"},{"taxonomy":"product_tag","embeddable":true,"href":"https:\/\/soldadurasslp.com\/index.php\/wp-json\/wp\/v2\/product_tag?post=1449"}],"curies":[{"name":"wp","href":"https:\/\/api.w.org\/{rel}","templated":true}]}}