{"id":3266,"date":"2024-07-03T19:48:10","date_gmt":"2024-07-03T19:48:10","guid":{"rendered":"https:\/\/soldadurasslp.com\/?post_type=product&#038;p=3266"},"modified":"2024-07-03T19:56:17","modified_gmt":"2024-07-03T19:56:17","slug":"maquina-para-soldar-weld500-tipo-inversor-para-mig-gmaw-fcaw-electrodo-revestido-smaw-tig-gtaw-y-arco-aire-cac-a-m500-plus","status":"publish","type":"product","link":"https:\/\/soldadurasslp.com\/index.php\/product\/maquina-para-soldar-weld500-tipo-inversor-para-mig-gmaw-fcaw-electrodo-revestido-smaw-tig-gtaw-y-arco-aire-cac-a-m500-plus\/","title":{"rendered":"M\u00e1quina para soldar Weld500\u00ae tipo Inversor \u2013 Para Mig (GMAW\/FCAW), electrodo revestido (SMAW), Tig (GTAW) y Arco Aire (CAC-A) \u2013 M500 PLUS"},"content":{"rendered":"<h3>Contenido de la M\u00e1quina M500 PLUS\u00ae:<\/h3>\n<p>-1 m\u00e1quina soldadora M500 Plus\u00ae con cable de poder sin clavija.<br \/>\n-1 Cable de interconexi\u00f3n m\u00e1quina- alimentador.<br \/>\n-1 Cable de 3 mts con pinza de tierra de 500 AMP\u00a0 y conector r\u00e1pido.<br \/>\n-1 Conector r\u00e1pido para cable y porta electrodo.<br \/>\n-1 Carro porta m\u00e1quina, alimentador y porta cilindro de gas.<br \/>\n-1 pistola MIG.<br \/>\n-1 Alimentador cerrado de 4 rodillos.<br \/>\n-2 Juegos de rodillos m\u00e1s 1 instalado (1 s\u00f3lido, 1 tubular).<\/p>\n<h3>Especificaciones de la M\u00e1quina M500 PLUS\u00ae:<\/h3>\n<p>-Entrada: 220\/440VCA\u00a0 3 Fases<br \/>\n-Corriente de entrada m\u00e1xima a salida nominal: 34 AMP<br \/>\n-Norma de fabricaci\u00f3n: EN 60974-1<\/p>\n<h3>Ciclo de trabajo:<\/h3>\n<p>100% \u00a0 \u00a0387 AMP a 440V-3 fases<br \/>\n100% \u00a0 \u00a0320 AMP a 220V-3 fases<br \/>\n60% \u00a0 \u00a0 \u00a0500 AMP a 440V-3 fases<\/p>\n<div class=\"wpforms-container wpforms-container-full\" id=\"wpforms-1535\"><form id=\"wpforms-form-1535\" class=\"wpforms-validate wpforms-form wpforms-ajax-form\" data-formid=\"1535\" method=\"post\" enctype=\"multipart\/form-data\" action=\"\/index.php\/wp-json\/wp\/v2\/product\/3266\" data-token=\"9e6ca5f1cdb2088837dbddd059d7a2ba\"><div class=\"wpforms-head-container\"><div class=\"wpforms-title\">Cotiza<\/div><\/div><noscript class=\"wpforms-error-noscript\">Por favor, activa JavaScript en tu navegador para completar este formulario.<\/noscript><div class=\"wpforms-field-container\"><div id=\"wpforms-1535-field_1-container\" class=\"wpforms-field wpforms-field-name\" data-field-id=\"1\"><label class=\"wpforms-field-label\" for=\"wpforms-1535-field_1\">Nombre <span class=\"wpforms-required-label\">*<\/span><\/label><input type=\"text\" id=\"wpforms-1535-field_1\" class=\"wpforms-field-medium wpforms-field-required\" name=\"wpforms[fields][1]\" required><\/div><div id=\"wpforms-1535-field_6-container\" class=\"wpforms-field wpforms-field-text\" data-field-id=\"6\"><label class=\"wpforms-field-label\" for=\"wpforms-1535-field_6\">N\u00famero <span class=\"wpforms-required-label\">*<\/span><\/label><input type=\"text\" id=\"wpforms-1535-field_6\" class=\"wpforms-field-medium wpforms-field-required\" name=\"wpforms[fields][6]\" required><\/div><div id=\"wpforms-1535-field_3-container\" class=\"wpforms-field wpforms-field-email\" data-field-id=\"3\"><label class=\"wpforms-field-label\" for=\"wpforms-1535-field_3\">Correo electr\u00f3nico <span class=\"wpforms-required-label\">*<\/span><\/label><input type=\"email\" id=\"wpforms-1535-field_3\" class=\"wpforms-field-medium wpforms-field-required\" name=\"wpforms[fields][3]\" spellcheck=\"false\" required><\/div><div id=\"wpforms-1535-field_4-container\" class=\"wpforms-field wpforms-field-text\" data-field-id=\"4\"><label class=\"wpforms-field-label\" for=\"wpforms-1535-field_4\">Empresa<\/label><input type=\"text\" id=\"wpforms-1535-field_4\" class=\"wpforms-field-medium\" name=\"wpforms[fields][4]\" ><\/div><div id=\"wpforms-1535-field_5-container\" class=\"wpforms-field wpforms-field-textarea\" data-field-id=\"5\"><label class=\"wpforms-field-label\" for=\"wpforms-1535-field_5\">\u00bfQu\u00e9 necesitas? <span class=\"wpforms-required-label\">*<\/span><\/label><textarea id=\"wpforms-1535-field_5\" class=\"wpforms-field-medium wpforms-field-required\" name=\"wpforms[fields][5]\" required><\/textarea><\/div><\/div><!-- .wpforms-field-container --><div class=\"wpforms-submit-container\" ><input type=\"hidden\" name=\"wpforms[id]\" value=\"1535\"><input type=\"hidden\" name=\"wpforms[author]\" value=\"1\"><button type=\"submit\" name=\"wpforms[submit]\" id=\"wpforms-submit-1535\" class=\"wpforms-submit\" data-alt-text=\"Enviando...\" data-submit-text=\"Enviar\" aria-live=\"assertive\" value=\"wpforms-submit\">Enviar<\/button><img loading=\"lazy\" decoding=\"async\" src=\"https:\/\/soldadurasslp.com\/wp-content\/plugins\/wpforms-lite\/assets\/images\/submit-spin.svg\" class=\"wpforms-submit-spinner\" style=\"display: none;\" width=\"26\" height=\"26\" alt=\"Cargando\"><\/div><\/form><\/div>  <!-- .wpforms-container -->\n<p>&nbsp;<\/p>\n","protected":false},"excerpt":{"rendered":"<p>Nuevo dise\u00f1o en alimentador y fuente de poder. Construcci\u00f3n en l\u00e1mina de acero con mayor calibre que el dise\u00f1o anterior. Ruedas posteriores y delanteras mejoradas y m\u00e1s robustas. Carro porta m\u00e1quina m\u00e1s robusto.<\/p>\n<p>Puede trabajar eficientemente alambres s\u00f3lidos desde 0.035\u2033 y hasta 0.045\u2033, tubulares de 0.045\u2033 y 1\/16\u2033, electrodos revestidos hasta de 1\/4\u2033, Tig con encendido scratch electrodos de tungstenos de hasta 5\/32\u2033 y electrodos de carb\u00f3n de hasta 5\/16\u2033.<\/p>\n","protected":false},"featured_media":3270,"template":"","meta":{"om_disable_all_campaigns":false,"_mi_skip_tracking":false,"_monsterinsights_sitenote_active":false,"_monsterinsights_sitenote_note":"","_monsterinsights_sitenote_category":0},"product_cat":[24,563],"product_tag":[277,51,616,53,29],"jetpack_sharing_enabled":true,"_links":{"self":[{"href":"https:\/\/soldadurasslp.com\/index.php\/wp-json\/wp\/v2\/product\/3266"}],"collection":[{"href":"https:\/\/soldadurasslp.com\/index.php\/wp-json\/wp\/v2\/product"}],"about":[{"href":"https:\/\/soldadurasslp.com\/index.php\/wp-json\/wp\/v2\/types\/product"}],"version-history":[{"count":3,"href":"https:\/\/soldadurasslp.com\/index.php\/wp-json\/wp\/v2\/product\/3266\/revisions"}],"predecessor-version":[{"id":3272,"href":"https:\/\/soldadurasslp.com\/index.php\/wp-json\/wp\/v2\/product\/3266\/revisions\/3272"}],"wp:featuredmedia":[{"embeddable":true,"href":"https:\/\/soldadurasslp.com\/index.php\/wp-json\/wp\/v2\/media\/3270"}],"wp:attachment":[{"href":"https:\/\/soldadurasslp.com\/index.php\/wp-json\/wp\/v2\/media?parent=3266"}],"wp:term":[{"taxonomy":"product_cat","embeddable":true,"href":"https:\/\/soldadurasslp.com\/index.php\/wp-json\/wp\/v2\/product_cat?post=3266"},{"taxonomy":"product_tag","embeddable":true,"href":"https:\/\/soldadurasslp.com\/index.php\/wp-json\/wp\/v2\/product_tag?post=3266"}],"curies":[{"name":"wp","href":"https:\/\/api.w.org\/{rel}","templated":true}]}}