{"id":755,"date":"2022-09-28T08:01:04","date_gmt":"2022-09-28T08:01:04","guid":{"rendered":"https:\/\/soldadurasslp.com\/index.php\/product\/disco-laminado-polifan-linea-oxido-de-aluminio-a80\/"},"modified":"2022-10-02T22:21:24","modified_gmt":"2022-10-02T22:21:24","slug":"disco-laminado-polifan-linea-oxido-de-aluminio-a80","status":"publish","type":"product","link":"https:\/\/soldadurasslp.com\/index.php\/product\/disco-laminado-polifan-linea-oxido-de-aluminio-a80\/","title":{"rendered":"Disco Laminado POLIFAN\u00ae L\u00ednea \u00d3XIDO DE ALUMINIO A80"},"content":{"rendered":"<p>Disco Laminado marca PFERD.<\/p>\n<p><em><strong>Informaci\u00f3n T\u00e9cnica<br \/>\n<\/strong><\/em>r.p.m m\u00e1x:\u00a0 13300 r.p.m.<br \/>\nD: 115mm<br \/>\nGrano: 80<br \/>\nAcople de Herramientas: 22,23 mm<br \/>\nC\u00f3digo: 167861<\/p>\n<hr \/>\n<p>4 1\/2 X 7\/8 A80<br \/>\nAcero y acero inoxidable<\/p>\n<p>Para Materiales:<\/p>\n<ul>\n<li>Acero Inoxidable<\/li>\n<li>Acero<\/li>\n<\/ul>\n<p>Tareas:<\/p>\n<ul>\n<li>Desbaste de Superficies<\/li>\n<li>Tratamiento de Superficies<\/li>\n<li>Eliminaci\u00f3n de Soldadura<\/li>\n<li>Afinado<\/li>\n<\/ul>\n<div class=\"wpforms-container wpforms-container-full\" id=\"wpforms-1535\"><form id=\"wpforms-form-1535\" class=\"wpforms-validate wpforms-form wpforms-ajax-form\" data-formid=\"1535\" method=\"post\" enctype=\"multipart\/form-data\" action=\"\/index.php\/wp-json\/wp\/v2\/product\/755\" data-token=\"e4e0301abea03e6945fd181f0e503aa2\"><div class=\"wpforms-head-container\"><div class=\"wpforms-title\">Cotiza<\/div><\/div><noscript class=\"wpforms-error-noscript\">Por favor, activa JavaScript en tu navegador para completar este formulario.<\/noscript><div class=\"wpforms-field-container\"><div id=\"wpforms-1535-field_1-container\" class=\"wpforms-field wpforms-field-name\" data-field-id=\"1\"><label class=\"wpforms-field-label\" for=\"wpforms-1535-field_1\">Nombre <span class=\"wpforms-required-label\">*<\/span><\/label><input type=\"text\" id=\"wpforms-1535-field_1\" class=\"wpforms-field-medium wpforms-field-required\" name=\"wpforms[fields][1]\" required><\/div><div id=\"wpforms-1535-field_6-container\" class=\"wpforms-field wpforms-field-text\" data-field-id=\"6\"><label class=\"wpforms-field-label\" for=\"wpforms-1535-field_6\">N\u00famero <span class=\"wpforms-required-label\">*<\/span><\/label><input type=\"text\" id=\"wpforms-1535-field_6\" class=\"wpforms-field-medium wpforms-field-required\" name=\"wpforms[fields][6]\" required><\/div><div id=\"wpforms-1535-field_3-container\" class=\"wpforms-field wpforms-field-email\" data-field-id=\"3\"><label class=\"wpforms-field-label\" for=\"wpforms-1535-field_3\">Correo electr\u00f3nico <span class=\"wpforms-required-label\">*<\/span><\/label><input type=\"email\" id=\"wpforms-1535-field_3\" class=\"wpforms-field-medium wpforms-field-required\" name=\"wpforms[fields][3]\" spellcheck=\"false\" required><\/div><div id=\"wpforms-1535-field_4-container\" class=\"wpforms-field wpforms-field-text\" data-field-id=\"4\"><label class=\"wpforms-field-label\" for=\"wpforms-1535-field_4\">Empresa<\/label><input type=\"text\" id=\"wpforms-1535-field_4\" class=\"wpforms-field-medium\" name=\"wpforms[fields][4]\" ><\/div><div id=\"wpforms-1535-field_5-container\" class=\"wpforms-field wpforms-field-textarea\" data-field-id=\"5\"><label class=\"wpforms-field-label\" for=\"wpforms-1535-field_5\">\u00bfQu\u00e9 necesitas? <span class=\"wpforms-required-label\">*<\/span><\/label><textarea id=\"wpforms-1535-field_5\" class=\"wpforms-field-medium wpforms-field-required\" name=\"wpforms[fields][5]\" required><\/textarea><\/div><\/div><!-- .wpforms-field-container --><div class=\"wpforms-submit-container\" ><input type=\"hidden\" name=\"wpforms[id]\" value=\"1535\"><input type=\"hidden\" name=\"wpforms[author]\" value=\"1\"><button type=\"submit\" name=\"wpforms[submit]\" id=\"wpforms-submit-1535\" class=\"wpforms-submit\" data-alt-text=\"Enviando...\" data-submit-text=\"Enviar\" aria-live=\"assertive\" value=\"wpforms-submit\">Enviar<\/button><img loading=\"lazy\" decoding=\"async\" src=\"https:\/\/soldadurasslp.com\/wp-content\/plugins\/wpforms-lite\/assets\/images\/submit-spin.svg\" class=\"wpforms-submit-spinner\" style=\"display: none;\" width=\"26\" height=\"26\" alt=\"Cargando\"><\/div><\/form><\/div>  <!-- .wpforms-container -->\n","protected":false},"excerpt":{"rendered":"<p>Disco Laminado marca PFERD. Informaci\u00f3n T\u00e9cnica r.p.m m\u00e1x:\u00a0 13300 r.p.m. D: 115mm Grano: 80 Acople de Herramientas: 22,23 mm C\u00f3digo: 167861 4 1\/2 X 7\/8 A80 Acero y acero inoxidable Para Materiales: Acero Inoxidable Acero Tareas: Desbaste de Superficies Tratamiento de Superficies Eliminaci\u00f3n de Soldadura Afinado<\/p>\n","protected":false},"featured_media":1641,"template":"","meta":{"om_disable_all_campaigns":false,"_mi_skip_tracking":false,"_monsterinsights_sitenote_active":false,"_monsterinsights_sitenote_note":"","_monsterinsights_sitenote_category":0},"product_cat":[16],"product_tag":[43,44,45,49],"jetpack_sharing_enabled":true,"_links":{"self":[{"href":"https:\/\/soldadurasslp.com\/index.php\/wp-json\/wp\/v2\/product\/755"}],"collection":[{"href":"https:\/\/soldadurasslp.com\/index.php\/wp-json\/wp\/v2\/product"}],"about":[{"href":"https:\/\/soldadurasslp.com\/index.php\/wp-json\/wp\/v2\/types\/product"}],"version-history":[{"count":1,"href":"https:\/\/soldadurasslp.com\/index.php\/wp-json\/wp\/v2\/product\/755\/revisions"}],"predecessor-version":[{"id":1642,"href":"https:\/\/soldadurasslp.com\/index.php\/wp-json\/wp\/v2\/product\/755\/revisions\/1642"}],"wp:featuredmedia":[{"embeddable":true,"href":"https:\/\/soldadurasslp.com\/index.php\/wp-json\/wp\/v2\/media\/1641"}],"wp:attachment":[{"href":"https:\/\/soldadurasslp.com\/index.php\/wp-json\/wp\/v2\/media?parent=755"}],"wp:term":[{"taxonomy":"product_cat","embeddable":true,"href":"https:\/\/soldadurasslp.com\/index.php\/wp-json\/wp\/v2\/product_cat?post=755"},{"taxonomy":"product_tag","embeddable":true,"href":"https:\/\/soldadurasslp.com\/index.php\/wp-json\/wp\/v2\/product_tag?post=755"}],"curies":[{"name":"wp","href":"https:\/\/api.w.org\/{rel}","templated":true}]}}