{"id":810,"date":"2022-09-28T08:01:13","date_gmt":"2022-09-28T08:01:13","guid":{"rendered":"https:\/\/soldadurasslp.com\/index.php\/product\/regulador-de-oxigeno-para-trabajo-mediano\/"},"modified":"2022-10-15T17:33:21","modified_gmt":"2022-10-15T17:33:21","slug":"regulador-de-oxigeno-para-trabajo-mediano","status":"publish","type":"product","link":"https:\/\/soldadurasslp.com\/index.php\/product\/regulador-de-oxigeno-para-trabajo-mediano\/","title":{"rendered":"Regulador de Oxigeno para Trabajo Mediano"},"content":{"rendered":"<ul>\n<li>Cuerpo de lat\u00f3n forjado<\/li>\n<li>Diafragma de neopreno<\/li>\n<li>Man\u00f3metros de 2-1\/2? de di\u00e1metro<\/li>\n<li>Tornillo &#8211; Mariposa de ajuste de presi\u00f3n de salida de lat\u00f3n<\/li>\n<li>Dise\u00f1o Tipo V\u00edctor<\/li>\n<li>Gas Ox\u00edgeno<\/li>\n<li>Capacidad de salida 0 a 125 PSIG<\/li>\n<li>Capacidad del man\u00f3metro de entrada 4?000 PSI<\/li>\n<li>Conexi\u00f3n de entrada CGA540<\/li>\n<li>Conexi\u00f3n de salida 9\/16?-11 macho<\/li>\n<li>Incluye niple y tuerca para conectarse a manguera<\/li>\n<\/ul>\n<div class=\"wpforms-container wpforms-container-full\" id=\"wpforms-1535\"><form id=\"wpforms-form-1535\" class=\"wpforms-validate wpforms-form wpforms-ajax-form\" data-formid=\"1535\" method=\"post\" enctype=\"multipart\/form-data\" action=\"\/index.php\/wp-json\/wp\/v2\/product\/810\" data-token=\"36d1325105180691629f63743a770969\"><div class=\"wpforms-head-container\"><div class=\"wpforms-title\">Cotiza<\/div><\/div><noscript class=\"wpforms-error-noscript\">Por favor, activa JavaScript en tu navegador para completar este formulario.<\/noscript><div class=\"wpforms-field-container\"><div id=\"wpforms-1535-field_1-container\" class=\"wpforms-field wpforms-field-name\" data-field-id=\"1\"><label class=\"wpforms-field-label\" for=\"wpforms-1535-field_1\">Nombre <span class=\"wpforms-required-label\">*<\/span><\/label><input type=\"text\" id=\"wpforms-1535-field_1\" class=\"wpforms-field-medium wpforms-field-required\" name=\"wpforms[fields][1]\" required><\/div><div id=\"wpforms-1535-field_6-container\" class=\"wpforms-field wpforms-field-text\" data-field-id=\"6\"><label class=\"wpforms-field-label\" for=\"wpforms-1535-field_6\">N\u00famero <span class=\"wpforms-required-label\">*<\/span><\/label><input type=\"text\" id=\"wpforms-1535-field_6\" class=\"wpforms-field-medium wpforms-field-required\" name=\"wpforms[fields][6]\" required><\/div><div id=\"wpforms-1535-field_3-container\" class=\"wpforms-field wpforms-field-email\" data-field-id=\"3\"><label class=\"wpforms-field-label\" for=\"wpforms-1535-field_3\">Correo electr\u00f3nico <span class=\"wpforms-required-label\">*<\/span><\/label><input type=\"email\" id=\"wpforms-1535-field_3\" class=\"wpforms-field-medium wpforms-field-required\" name=\"wpforms[fields][3]\" spellcheck=\"false\" required><\/div><div id=\"wpforms-1535-field_4-container\" class=\"wpforms-field wpforms-field-text\" data-field-id=\"4\"><label class=\"wpforms-field-label\" for=\"wpforms-1535-field_4\">Empresa<\/label><input type=\"text\" id=\"wpforms-1535-field_4\" class=\"wpforms-field-medium\" name=\"wpforms[fields][4]\" ><\/div><div id=\"wpforms-1535-field_5-container\" class=\"wpforms-field wpforms-field-textarea\" data-field-id=\"5\"><label class=\"wpforms-field-label\" for=\"wpforms-1535-field_5\">\u00bfQu\u00e9 necesitas? <span class=\"wpforms-required-label\">*<\/span><\/label><textarea id=\"wpforms-1535-field_5\" class=\"wpforms-field-medium wpforms-field-required\" name=\"wpforms[fields][5]\" required><\/textarea><\/div><\/div><!-- .wpforms-field-container --><div class=\"wpforms-submit-container\" ><input type=\"hidden\" name=\"wpforms[id]\" value=\"1535\"><input type=\"hidden\" name=\"wpforms[author]\" value=\"1\"><button type=\"submit\" name=\"wpforms[submit]\" id=\"wpforms-submit-1535\" class=\"wpforms-submit\" data-alt-text=\"Enviando...\" data-submit-text=\"Enviar\" aria-live=\"assertive\" value=\"wpforms-submit\">Enviar<\/button><img loading=\"lazy\" decoding=\"async\" src=\"https:\/\/soldadurasslp.com\/wp-content\/plugins\/wpforms-lite\/assets\/images\/submit-spin.svg\" class=\"wpforms-submit-spinner\" style=\"display: none;\" width=\"26\" height=\"26\" alt=\"Cargando\"><\/div><\/form><\/div>  <!-- .wpforms-container -->\n<p>&nbsp;<\/p>\n","protected":false},"excerpt":{"rendered":"<p>Cuerpo de lat\u00f3n forjado Diafragma de neopreno Man\u00f3metros de 2-1\/2? de di\u00e1metro Tornillo &#8211; Mariposa de ajuste de presi\u00f3n de salida de lat\u00f3n Dise\u00f1o Tipo V\u00edctor Gas Ox\u00edgeno Capacidad de salida 0 a 125 PSIG Capacidad del man\u00f3metro de entrada 4?000 PSI Conexi\u00f3n de entrada CGA540 Conexi\u00f3n de salida 9\/16?-11 macho Incluye niple y tuerca [&hellip;]<\/p>\n","protected":false},"featured_media":2944,"template":"","meta":{"om_disable_all_campaigns":false,"_mi_skip_tracking":false,"_monsterinsights_sitenote_active":false,"_monsterinsights_sitenote_note":"","_monsterinsights_sitenote_category":0},"product_cat":[25],"product_tag":[88,141],"jetpack_sharing_enabled":true,"_links":{"self":[{"href":"https:\/\/soldadurasslp.com\/index.php\/wp-json\/wp\/v2\/product\/810"}],"collection":[{"href":"https:\/\/soldadurasslp.com\/index.php\/wp-json\/wp\/v2\/product"}],"about":[{"href":"https:\/\/soldadurasslp.com\/index.php\/wp-json\/wp\/v2\/types\/product"}],"version-history":[{"count":1,"href":"https:\/\/soldadurasslp.com\/index.php\/wp-json\/wp\/v2\/product\/810\/revisions"}],"predecessor-version":[{"id":2945,"href":"https:\/\/soldadurasslp.com\/index.php\/wp-json\/wp\/v2\/product\/810\/revisions\/2945"}],"wp:featuredmedia":[{"embeddable":true,"href":"https:\/\/soldadurasslp.com\/index.php\/wp-json\/wp\/v2\/media\/2944"}],"wp:attachment":[{"href":"https:\/\/soldadurasslp.com\/index.php\/wp-json\/wp\/v2\/media?parent=810"}],"wp:term":[{"taxonomy":"product_cat","embeddable":true,"href":"https:\/\/soldadurasslp.com\/index.php\/wp-json\/wp\/v2\/product_cat?post=810"},{"taxonomy":"product_tag","embeddable":true,"href":"https:\/\/soldadurasslp.com\/index.php\/wp-json\/wp\/v2\/product_tag?post=810"}],"curies":[{"name":"wp","href":"https:\/\/api.w.org\/{rel}","templated":true}]}}