{"id":811,"date":"2022-09-28T08:01:13","date_gmt":"2022-09-28T08:01:13","guid":{"rendered":"https:\/\/soldadurasslp.com\/index.php\/product\/regulador-con-flujometro-para-argon\/"},"modified":"2022-10-15T18:30:39","modified_gmt":"2022-10-15T18:30:39","slug":"regulador-con-flujometro-para-argon","status":"publish","type":"product","link":"https:\/\/soldadurasslp.com\/index.php\/product\/regulador-con-flujometro-para-argon\/","title":{"rendered":"Regulador con Fluj\u00f3metro para arg\u00f3n"},"content":{"rendered":"<p>\u2013\u00a0 Pre ajustado a 20 psig.<\/p>\n<p>\u2013\u00a0 Tubo de flujo y flotador de f\u00e1cil lectura.<\/p>\n<p>\u2013\u00a0 Perilla de flujo sensible para mejor ajuste.<\/p>\n<p>\u2013\u00a0 Asiento encapsulado de PTEF.<\/p>\n<p>\u2013\u00a0 Conexi\u00f3n de entrada con tuerca de apriete para usar llave.<\/p>\n<p>\u2013\u00a0 Cuerpo de lat\u00f3n amarillo.<\/p>\n<p>&nbsp;<\/p>\n<p><strong>ADVERTENCIA: Estos fluj\u00f3metros no son para uso con Ox\u00edgeno medicinal<\/strong><\/p>\n<div class=\"wpforms-container wpforms-container-full\" id=\"wpforms-1535\"><form id=\"wpforms-form-1535\" class=\"wpforms-validate wpforms-form wpforms-ajax-form\" data-formid=\"1535\" method=\"post\" enctype=\"multipart\/form-data\" action=\"\/index.php\/wp-json\/wp\/v2\/product\/811\" data-token=\"9e6ca5f1cdb2088837dbddd059d7a2ba\"><div class=\"wpforms-head-container\"><div class=\"wpforms-title\">Cotiza<\/div><\/div><noscript class=\"wpforms-error-noscript\">Por favor, activa JavaScript en tu navegador para completar este formulario.<\/noscript><div class=\"wpforms-field-container\"><div id=\"wpforms-1535-field_1-container\" class=\"wpforms-field wpforms-field-name\" data-field-id=\"1\"><label class=\"wpforms-field-label\" for=\"wpforms-1535-field_1\">Nombre <span class=\"wpforms-required-label\">*<\/span><\/label><input type=\"text\" id=\"wpforms-1535-field_1\" class=\"wpforms-field-medium wpforms-field-required\" name=\"wpforms[fields][1]\" required><\/div><div id=\"wpforms-1535-field_6-container\" class=\"wpforms-field wpforms-field-text\" data-field-id=\"6\"><label class=\"wpforms-field-label\" for=\"wpforms-1535-field_6\">N\u00famero <span class=\"wpforms-required-label\">*<\/span><\/label><input type=\"text\" id=\"wpforms-1535-field_6\" class=\"wpforms-field-medium wpforms-field-required\" name=\"wpforms[fields][6]\" required><\/div><div id=\"wpforms-1535-field_3-container\" class=\"wpforms-field wpforms-field-email\" data-field-id=\"3\"><label class=\"wpforms-field-label\" for=\"wpforms-1535-field_3\">Correo electr\u00f3nico <span class=\"wpforms-required-label\">*<\/span><\/label><input type=\"email\" id=\"wpforms-1535-field_3\" class=\"wpforms-field-medium wpforms-field-required\" name=\"wpforms[fields][3]\" spellcheck=\"false\" required><\/div><div id=\"wpforms-1535-field_4-container\" class=\"wpforms-field wpforms-field-text\" data-field-id=\"4\"><label class=\"wpforms-field-label\" for=\"wpforms-1535-field_4\">Empresa<\/label><input type=\"text\" id=\"wpforms-1535-field_4\" class=\"wpforms-field-medium\" name=\"wpforms[fields][4]\" ><\/div><div id=\"wpforms-1535-field_5-container\" class=\"wpforms-field wpforms-field-textarea\" data-field-id=\"5\"><label class=\"wpforms-field-label\" for=\"wpforms-1535-field_5\">\u00bfQu\u00e9 necesitas? <span class=\"wpforms-required-label\">*<\/span><\/label><textarea id=\"wpforms-1535-field_5\" class=\"wpforms-field-medium wpforms-field-required\" name=\"wpforms[fields][5]\" required><\/textarea><\/div><\/div><!-- .wpforms-field-container --><div class=\"wpforms-submit-container\" ><input type=\"hidden\" name=\"wpforms[id]\" value=\"1535\"><input type=\"hidden\" name=\"wpforms[author]\" value=\"1\"><button type=\"submit\" name=\"wpforms[submit]\" id=\"wpforms-submit-1535\" class=\"wpforms-submit\" data-alt-text=\"Enviando...\" data-submit-text=\"Enviar\" aria-live=\"assertive\" value=\"wpforms-submit\">Enviar<\/button><img loading=\"lazy\" decoding=\"async\" src=\"https:\/\/soldadurasslp.com\/wp-content\/plugins\/wpforms-lite\/assets\/images\/submit-spin.svg\" class=\"wpforms-submit-spinner\" style=\"display: none;\" width=\"26\" height=\"26\" alt=\"Cargando\"><\/div><\/form><\/div>  <!-- .wpforms-container -->\n","protected":false},"excerpt":{"rendered":"<p>\u2013\u00a0 Pre ajustado a 20 psig. \u2013\u00a0 Tubo de flujo y flotador de f\u00e1cil lectura. \u2013\u00a0 Perilla de flujo sensible para mejor ajuste. \u2013\u00a0 Asiento encapsulado de PTEF. \u2013\u00a0 Conexi\u00f3n de entrada con tuerca de apriete para usar llave. \u2013\u00a0 Cuerpo de lat\u00f3n amarillo. &nbsp; ADVERTENCIA: Estos fluj\u00f3metros no son para uso con Ox\u00edgeno medicinal<\/p>\n","protected":false},"featured_media":2946,"template":"","meta":{"om_disable_all_campaigns":false,"_mi_skip_tracking":false,"_monsterinsights_sitenote_active":false,"_monsterinsights_sitenote_note":"","_monsterinsights_sitenote_category":0},"product_cat":[25],"product_tag":[88,143,141],"jetpack_sharing_enabled":true,"_links":{"self":[{"href":"https:\/\/soldadurasslp.com\/index.php\/wp-json\/wp\/v2\/product\/811"}],"collection":[{"href":"https:\/\/soldadurasslp.com\/index.php\/wp-json\/wp\/v2\/product"}],"about":[{"href":"https:\/\/soldadurasslp.com\/index.php\/wp-json\/wp\/v2\/types\/product"}],"version-history":[{"count":2,"href":"https:\/\/soldadurasslp.com\/index.php\/wp-json\/wp\/v2\/product\/811\/revisions"}],"predecessor-version":[{"id":2948,"href":"https:\/\/soldadurasslp.com\/index.php\/wp-json\/wp\/v2\/product\/811\/revisions\/2948"}],"wp:featuredmedia":[{"embeddable":true,"href":"https:\/\/soldadurasslp.com\/index.php\/wp-json\/wp\/v2\/media\/2946"}],"wp:attachment":[{"href":"https:\/\/soldadurasslp.com\/index.php\/wp-json\/wp\/v2\/media?parent=811"}],"wp:term":[{"taxonomy":"product_cat","embeddable":true,"href":"https:\/\/soldadurasslp.com\/index.php\/wp-json\/wp\/v2\/product_cat?post=811"},{"taxonomy":"product_tag","embeddable":true,"href":"https:\/\/soldadurasslp.com\/index.php\/wp-json\/wp\/v2\/product_tag?post=811"}],"curies":[{"name":"wp","href":"https:\/\/api.w.org\/{rel}","templated":true}]}}