{"id":833,"date":"2022-09-28T08:01:15","date_gmt":"2022-09-28T08:01:15","guid":{"rendered":"https:\/\/soldadurasslp.com\/index.php\/product\/antorcha-tig-200amp\/"},"modified":"2022-10-15T16:54:55","modified_gmt":"2022-10-15T16:54:55","slug":"antorcha-tig-200amp","status":"publish","type":"product","link":"https:\/\/soldadurasslp.com\/index.php\/product\/antorcha-tig-200amp\/","title":{"rendered":"Antorcha TIG 200Amp"},"content":{"rendered":"<p>Capacidad\u00a0 200 amperes<\/p>\n<p>Disponibles en longitudes de 12.5 ft y 25 ft<\/p>\n<p>Antorcha para soldar TIG enfriadas por aire \u00a0no requieren mangueras mangueras ni tanques para su enfriamiento, por lo que son f\u00e1cilmente portables, las antorchas enfriadas por aire son muy utilizadas\u00a0 aplicaciones de interiores y en exteriores.<\/p>\n<h3>Gases usados en GTAW \u00f3 TIG:<\/h3>\n<p>\u2013\u00a0<strong>Arg\u00f3n:<\/strong>\u00a0Sus ventajas de utilizar este gas ser\u00eda un arco suave y estable, es de bajo costo y tiene mejor resistencia al aire.<\/p>\n<p>\u2013\u00a0<strong>Helio:<\/strong>\u00a0Sus ventajas de utilizar este gas ser\u00eda Zona afectada por el calor m\u00e1s peque\u00f1a y el arco es mas caliente que el arg\u00f3n.<\/p>\n<p>\u2013\u00a0<strong>Mezclas de Arg\u00f3n \/ Hidr\u00f3geno:<\/strong>\u00a0Sus ventajas de utilizar este gas ser\u00eda aun arco m\u00e1s angosto y deja m\u00e1s limpio la soldadura y es m\u00e1s r\u00e1pida.<\/p>\n<p>\u2013\u00a0<strong>Mezclas de Arg\u00f3n \/ Nitr\u00f3geno:<\/strong>\u00a0Sus ventajas de utilizar este gas ser\u00eda que produce m\u00e1s energ\u00eda en el material base y bueno para soldar con cobre.<\/p>\n<div class=\"wpforms-container wpforms-container-full\" id=\"wpforms-1535\"><form id=\"wpforms-form-1535\" class=\"wpforms-validate wpforms-form wpforms-ajax-form\" data-formid=\"1535\" method=\"post\" enctype=\"multipart\/form-data\" action=\"\/index.php\/wp-json\/wp\/v2\/product\/833\" data-token=\"9e6ca5f1cdb2088837dbddd059d7a2ba\"><div class=\"wpforms-head-container\"><div class=\"wpforms-title\">Cotiza<\/div><\/div><noscript class=\"wpforms-error-noscript\">Por favor, activa JavaScript en tu navegador para completar este formulario.<\/noscript><div class=\"wpforms-field-container\"><div id=\"wpforms-1535-field_1-container\" class=\"wpforms-field wpforms-field-name\" data-field-id=\"1\"><label class=\"wpforms-field-label\" for=\"wpforms-1535-field_1\">Nombre <span class=\"wpforms-required-label\">*<\/span><\/label><input type=\"text\" id=\"wpforms-1535-field_1\" class=\"wpforms-field-medium wpforms-field-required\" name=\"wpforms[fields][1]\" required><\/div><div id=\"wpforms-1535-field_6-container\" class=\"wpforms-field wpforms-field-text\" data-field-id=\"6\"><label class=\"wpforms-field-label\" for=\"wpforms-1535-field_6\">N\u00famero <span class=\"wpforms-required-label\">*<\/span><\/label><input type=\"text\" id=\"wpforms-1535-field_6\" class=\"wpforms-field-medium wpforms-field-required\" name=\"wpforms[fields][6]\" required><\/div><div id=\"wpforms-1535-field_3-container\" class=\"wpforms-field wpforms-field-email\" data-field-id=\"3\"><label class=\"wpforms-field-label\" for=\"wpforms-1535-field_3\">Correo electr\u00f3nico <span class=\"wpforms-required-label\">*<\/span><\/label><input type=\"email\" id=\"wpforms-1535-field_3\" class=\"wpforms-field-medium wpforms-field-required\" name=\"wpforms[fields][3]\" spellcheck=\"false\" required><\/div><div id=\"wpforms-1535-field_4-container\" class=\"wpforms-field wpforms-field-text\" data-field-id=\"4\"><label class=\"wpforms-field-label\" for=\"wpforms-1535-field_4\">Empresa<\/label><input type=\"text\" id=\"wpforms-1535-field_4\" class=\"wpforms-field-medium\" name=\"wpforms[fields][4]\" ><\/div><div id=\"wpforms-1535-field_5-container\" class=\"wpforms-field wpforms-field-textarea\" data-field-id=\"5\"><label class=\"wpforms-field-label\" for=\"wpforms-1535-field_5\">\u00bfQu\u00e9 necesitas? <span class=\"wpforms-required-label\">*<\/span><\/label><textarea id=\"wpforms-1535-field_5\" class=\"wpforms-field-medium wpforms-field-required\" name=\"wpforms[fields][5]\" required><\/textarea><\/div><\/div><!-- .wpforms-field-container --><div class=\"wpforms-submit-container\" ><input type=\"hidden\" name=\"wpforms[id]\" value=\"1535\"><input type=\"hidden\" name=\"wpforms[author]\" value=\"1\"><button type=\"submit\" name=\"wpforms[submit]\" id=\"wpforms-submit-1535\" class=\"wpforms-submit\" data-alt-text=\"Enviando...\" data-submit-text=\"Enviar\" aria-live=\"assertive\" value=\"wpforms-submit\">Enviar<\/button><img loading=\"lazy\" decoding=\"async\" src=\"https:\/\/soldadurasslp.com\/wp-content\/plugins\/wpforms-lite\/assets\/images\/submit-spin.svg\" class=\"wpforms-submit-spinner\" style=\"display: none;\" width=\"26\" height=\"26\" alt=\"Cargando\"><\/div><\/form><\/div>  <!-- .wpforms-container -->\n<p>&nbsp;<\/p>\n","protected":false},"excerpt":{"rendered":"<p>Capacidad\u00a0 200 amperes Disponibles en longitudes de 12.5 ft y 25 ft Antorcha para soldar TIG enfriadas por aire \u00a0no requieren mangueras mangueras ni tanques para su enfriamiento, por lo que son f\u00e1cilmente portables, las antorchas enfriadas por aire son muy utilizadas\u00a0 aplicaciones de interiores y en exteriores. Gases usados en GTAW \u00f3 TIG: \u2013\u00a0Arg\u00f3n:\u00a0Sus [&hellip;]<\/p>\n","protected":false},"featured_media":2902,"template":"","meta":{"om_disable_all_campaigns":false,"_mi_skip_tracking":false,"_monsterinsights_sitenote_active":false,"_monsterinsights_sitenote_note":"","_monsterinsights_sitenote_category":0},"product_cat":[25],"product_tag":[176,108,29],"jetpack_sharing_enabled":true,"_links":{"self":[{"href":"https:\/\/soldadurasslp.com\/index.php\/wp-json\/wp\/v2\/product\/833"}],"collection":[{"href":"https:\/\/soldadurasslp.com\/index.php\/wp-json\/wp\/v2\/product"}],"about":[{"href":"https:\/\/soldadurasslp.com\/index.php\/wp-json\/wp\/v2\/types\/product"}],"version-history":[{"count":2,"href":"https:\/\/soldadurasslp.com\/index.php\/wp-json\/wp\/v2\/product\/833\/revisions"}],"predecessor-version":[{"id":2904,"href":"https:\/\/soldadurasslp.com\/index.php\/wp-json\/wp\/v2\/product\/833\/revisions\/2904"}],"wp:featuredmedia":[{"embeddable":true,"href":"https:\/\/soldadurasslp.com\/index.php\/wp-json\/wp\/v2\/media\/2902"}],"wp:attachment":[{"href":"https:\/\/soldadurasslp.com\/index.php\/wp-json\/wp\/v2\/media?parent=833"}],"wp:term":[{"taxonomy":"product_cat","embeddable":true,"href":"https:\/\/soldadurasslp.com\/index.php\/wp-json\/wp\/v2\/product_cat?post=833"},{"taxonomy":"product_tag","embeddable":true,"href":"https:\/\/soldadurasslp.com\/index.php\/wp-json\/wp\/v2\/product_tag?post=833"}],"curies":[{"name":"wp","href":"https:\/\/api.w.org\/{rel}","templated":true}]}}